{"id":589,"date":"2024-08-13T19:49:47","date_gmt":"2024-08-13T17:49:47","guid":{"rendered":"https:\/\/wptest.ateliermaiffret.com\/?page_id=589"},"modified":"2024-08-13T20:27:14","modified_gmt":"2024-08-13T18:27:14","slug":"conditions-generales-de-vente-cgv","status":"publish","type":"page","link":"https:\/\/wptest.ateliermaiffret.com\/?page_id=589","title":{"rendered":"Conditions g\u00e9n\u00e9rales de vente (CGV)"},"content":{"rendered":"<p>[et_pb_section fb_built=\u00a0\u00bb1&Prime; theme_builder_area=\u00a0\u00bbpost_content\u00a0\u00bb _builder_version=\u00a0\u00bb4.27.0&Prime; _module_preset=\u00a0\u00bbdefault\u00a0\u00bb][et_pb_row _builder_version=\u00a0\u00bb4.27.0&Prime; _module_preset=\u00a0\u00bbdefault\u00a0\u00bb theme_builder_area=\u00a0\u00bbpost_content\u00a0\u00bb][et_pb_column _builder_version=\u00a0\u00bb4.27.0&Prime; _module_preset=\u00a0\u00bbdefault\u00a0\u00bb type=\u00a0\u00bb4_4&Prime; theme_builder_area=\u00a0\u00bbpost_content\u00a0\u00bb][et_pb_text _builder_version=\u00a0\u00bb4.27.0&Prime; _module_preset=\u00a0\u00bbdefault\u00a0\u00bb theme_builder_area=\u00a0\u00bbpost_content\u00a0\u00bb hover_enabled=\u00a0\u00bb0&Prime; sticky_enabled=\u00a0\u00bb0&Prime;]<\/p>\n<h1>Conditions g\u00e9n\u00e9rales de vente (CGV)<\/h1>\n<p>Les pr\u00e9sentes conditions s&rsquo;appliquent pour toutes les ventes r\u00e9alis\u00e9es sur le site www.ateliermaiffret.com et tous les produits qui y sont propos\u00e9s \u00e0 la vente.<\/p>\n<p>Adresse postale :<br \/>19, rue de la Chapelle<br \/>89520 Sainpuits<\/p>\n<p>Adresse mail :<br \/>antoine@ateliermaiffret.com<\/p>\n<h2>Prix des \u0153uvres<\/h2>\n<p>Les prix des \u0153uvres sont indiqu\u00e9s en euro toutes taxes comprises, hors participation aux frais de livraison (emballage et affranchissement).<br \/>Le vendeur se r\u00e9serve le droit de modifier ses prix \u00e0 tout moment, mais les produits seront factur\u00e9s sur la base des tarifs en vigueur au moment de l&rsquo;enregistrement des commandes, sous r\u00e9serve de disponibilit\u00e9.<\/p>\n<h2>Commandes<\/h2>\n<p>Le client peut commander sur le site www.ateliermaiffret.com ou en envoyant sa commande par mail, via le site ou directement \u00e0 l&rsquo;adresse antoine@ateliermaiffret.com.<br \/>La commande sera effective d\u00e8s lors du paiement, soit par carte beleu en ligne, soit par ch\u00e8que par courrier postal sous r\u00e9serve de disponibilit\u00e9 de l&rsquo;\u0153uvre.<br \/>Le vendeur se r\u00e9serve en effet le droit d&rsquo;annuler ou de refuser toute commande d&rsquo;un client avec lequel il existerait un litige relatif au paiement d&rsquo;une commande ant\u00e9rieure ou qui pr\u00e9senterait \u00e0 ses yeux une quelconque forme de risque.<\/p>\n<h2>Validation<\/h2>\n<p>Vous devez avoir pris connaissance et accept\u00e9 les pr\u00e9sentes Conditions G\u00e9n\u00e9rales de Vente lors la passation de votre commande.<br \/>La validation de votre commande vaut donc acceptation de ces Conditions G\u00e9n\u00e9rales de Vente.<br \/>Pour les commandes par courrier postal, la validation de la commande se fait \u00e0 r\u00e9ception du paiement, le cachet de la Poste en faisant foi.<\/p>\n<h2>Disponibilit\u00e9<\/h2>\n<p>Nos offres de produits et prix sont valables tant qu&rsquo;ils sont visibles sur le site, dans la limite de leur disponibilit\u00e9.<br \/>Dans l&rsquo;\u00e9ventualit\u00e9 de la vente \u00e0 un tiers de l&rsquo;\u0153uvre command\u00e9e, nous vous en informerons par mail dans les meilleurs d\u00e9lais. Le ch\u00e8que sera alors d\u00e9truit ou restitu\u00e9.<\/p>\n<h2>Frais de port<\/h2>\n<p>La livraison en France m\u00e9tropolitaine sera factur\u00e9e d&rsquo;un montant forfaitaire de 20,00\u20ac pour l&#8217;emballage et l&rsquo;affranchissement.<br \/>La livraison des cartes postales A5 avec enveloppe sera factur\u00e9e au prix de l&rsquo;affranchissement en vigueur.<\/p>\n<h2>Livraison<\/h2>\n<p>La livraison est effectu\u00e9e par la Poste. Les colis sont livr\u00e9s \u00e0 l&rsquo;adresse de livraison que vous avez indiqu\u00e9e au cours du processus de commande.<br \/>Les d\u00e9lais indiqu\u00e9s sont des d\u00e9lais moyens habituels et correspondent aux d\u00e9lais de traitement et de livraison pour la France.<br \/>D\u00e9lai moyen compris entre 2 et 7 jours ouvrables pour la France.<\/p>\n<h2>Paiement<\/h2>\n<p>Le r\u00e8glement de vos achats s&rsquo;effectue :<br \/>soit par carte bancaire en ligne, soit par ch\u00e8que par courrier postal<br \/>Le colis ne sera envoy\u00e9 qu&rsquo;apr\u00e8s r\u00e9ception de votre virement.<\/p>\n<h2>S\u00e9curisation<\/h2>\n<p>Le paiement par carte bancaire se fait via l&rsquo;application Stripe qui en assume toutes les responsabilit\u00e9s.<br \/>Aucune de vos donn\u00e9es de paiement, qui sont soumises aux normes de s\u00e9curit\u00e9 du commerce en ligne Stripe, ne sera transmise \u00e0 www.ateliermaiffret.com<\/p>\n<h2>Droit de r\u00e9traction<\/h2>\n<p>Tout achat effectu\u00e9 sur le site www.ateliermaiffret.com vous permet de b\u00e9n\u00e9ficier de sept jours francs pr\u00e9vus par l&rsquo;article L 121-20 du Code de la Consommation, pour nous retourner un produit qui ne vous satisfait pas. Ce droit de r\u00e9tractation s&rsquo;exerce sans p\u00e9nalit\u00e9.<br \/>Les articles retourn\u00e9s incomplets, ab\u00eem\u00e9s ou endommag\u00e9s par le Client ne sont pas repris. Les d\u00e9lais mentionn\u00e9s ci-dessus courent \u00e0 compter du jour de la r\u00e9ception de la commande.<br \/>Les frais de retour sont \u00e0 la charge de l&rsquo;acheteur, hormis dans le cas o\u00f9 l&rsquo;article est d\u00e9fectueux (une photo sera demand\u00e9e).<br \/>Les retours sont \u00e0 effectuer \u00e0 l&rsquo;adresse postale indiqu\u00e9e en haut de cette page.<\/p>\n<h2>Garantie<\/h2>\n<p>Le paiement Stripe offre une garantie de remboursement si le vendeur n&rsquo;envoie pas le colis et rembourse le montant total de la transaction, frais de port inclus.<\/p>\n<p>Pour plus d&rsquo;information, lire les Garanties Stripe<\/p>\n<h2>Service client\u00e8le<\/h2>\n<p>Pour toute information ou question, contactez nous par mail ou courrier postal aux adresses indiqu\u00e9es en haut de cette page, une r\u00e9ponse vous sera envoy\u00e9e rapidement.<\/p>\n<h2>Propri\u00e9t\u00e9 intellectuelle<\/h2>\n<p>Tous les textes, illustrations, \u0153uvres et images pr\u00e9sent\u00e9s sur le www.ateliermaiffret.com sont prot\u00e9g\u00e9s au titre du droit d&rsquo;auteur ainsi qu&rsquo;au titre de la propri\u00e9t\u00e9 intellectuelle, sans restriction g\u00e9ographique ni de dur\u00e9e.<\/p>\n<h2>Responsabilit\u00e9<\/h2>\n<p>Les cr\u00e9ations propos\u00e9es \u00e0 la vente sur www.ateliermaiffret.com sont conformes \u00e0 la l\u00e9gislation fran\u00e7aise en vigueur.<\/p>\n<p>En cas de liens hypertextes pointant vers d&rsquo;autres sites \u00e0 partir de commentaires,\u00a0 www.ateliermaiffret.com ne sera pas responsable du contenu des informations fournies sur ces sites apr\u00e8s activation de ces liens.<\/p>\n<h2>Droit applicable &#8211; litiges<\/h2>\n<p>Le pr\u00e9sent contrat est soumis \u00e0 la loi fran\u00e7aise.<br \/>La langue du pr\u00e9sent contrat est la langue fran\u00e7aise.<br \/>En cas de litige les tribunaux Fran\u00e7ais seront seuls comp\u00e9tents.<\/p>\n<p>[\/et_pb_text][\/et_pb_column][\/et_pb_row][\/et_pb_section]<\/p>\n","protected":false},"excerpt":{"rendered":"<p>Conditions g\u00e9n\u00e9rales de vente (CGV) Les pr\u00e9sentes conditions s&rsquo;appliquent pour toutes les ventes r\u00e9alis\u00e9es sur le site www.ateliermaiffret.com et tous les produits qui y sont propos\u00e9s \u00e0 la vente. Adresse postale :19, rue de la Chapelle89520 Sainpuits Adresse mail :antoine@ateliermaiffret.com Prix des \u0153uvres Les prix des \u0153uvres sont indiqu\u00e9s en euro toutes taxes comprises, hors [&hellip;]<\/p>\n","protected":false},"author":1,"featured_media":0,"parent":0,"menu_order":0,"comment_status":"closed","ping_status":"closed","template":"","meta":{"_et_pb_use_builder":"on","_et_pb_old_content":"","_et_gb_content_width":"","footnotes":""},"class_list":["post-589","page","type-page","status-publish","hentry"],"yoast_head":"<!-- This site is optimized with the Yoast SEO plugin v23.4 - https:\/\/yoast.com\/wordpress\/plugins\/seo\/ -->\n<title>Conditions g\u00e9n\u00e9rales de vente (CGV) - Atelier Maiffret TEST<\/title>\n<meta name=\"robots\" content=\"noindex, follow, max-snippet:-1, max-image-preview:large, max-video-preview:-1\" \/>\n<meta property=\"og:locale\" content=\"fr_FR\" \/>\n<meta property=\"og:type\" content=\"article\" \/>\n<meta property=\"og:title\" content=\"Conditions g\u00e9n\u00e9rales de vente (CGV) - Atelier Maiffret TEST\" \/>\n<meta property=\"og:description\" content=\"Conditions g\u00e9n\u00e9rales de vente (CGV) Les pr\u00e9sentes conditions s&#039;appliquent pour toutes les ventes r\u00e9alis\u00e9es sur le site www.ateliermaiffret.com et tous les produits qui y sont propos\u00e9s \u00e0 la vente. Adresse postale :19, rue de la Chapelle89520 Sainpuits Adresse mail :antoine@ateliermaiffret.com Prix des \u0153uvres Les prix des \u0153uvres sont indiqu\u00e9s en euro toutes taxes comprises, hors [&hellip;]\" \/>\n<meta property=\"og:url\" content=\"https:\/\/wptest.ateliermaiffret.com\/?page_id=589\" \/>\n<meta property=\"og:site_name\" content=\"Atelier Maiffret TEST\" \/>\n<meta property=\"article:modified_time\" content=\"2024-08-13T18:27:14+00:00\" \/>\n<meta name=\"twitter:card\" content=\"summary_large_image\" \/>\n<script type=\"application\/ld+json\" class=\"yoast-schema-graph\">{\"@context\":\"https:\/\/schema.org\",\"@graph\":[{\"@type\":\"WebPage\",\"@id\":\"https:\/\/wptest.ateliermaiffret.com\/?page_id=589\",\"url\":\"https:\/\/wptest.ateliermaiffret.com\/?page_id=589\",\"name\":\"Conditions g\u00e9n\u00e9rales de vente (CGV) - Atelier Maiffret TEST\",\"isPartOf\":{\"@id\":\"https:\/\/wptest.ateliermaiffret.com\/#website\"},\"datePublished\":\"2024-08-13T17:49:47+00:00\",\"dateModified\":\"2024-08-13T18:27:14+00:00\",\"breadcrumb\":{\"@id\":\"https:\/\/wptest.ateliermaiffret.com\/?page_id=589#breadcrumb\"},\"inLanguage\":\"fr-FR\",\"potentialAction\":[{\"@type\":\"ReadAction\",\"target\":[\"https:\/\/wptest.ateliermaiffret.com\/?page_id=589\"]}]},{\"@type\":\"BreadcrumbList\",\"@id\":\"https:\/\/wptest.ateliermaiffret.com\/?page_id=589#breadcrumb\",\"itemListElement\":[{\"@type\":\"ListItem\",\"position\":1,\"name\":\"Accueil\",\"item\":\"https:\/\/wptest.ateliermaiffret.com\/\"},{\"@type\":\"ListItem\",\"position\":2,\"name\":\"Conditions g\u00e9n\u00e9rales de vente (CGV)\"}]},{\"@type\":\"WebSite\",\"@id\":\"https:\/\/wptest.ateliermaiffret.com\/#website\",\"url\":\"https:\/\/wptest.ateliermaiffret.com\/\",\"name\":\"Atelier Maiffret TEST\",\"description\":\"Dessins, peintures et objets\",\"potentialAction\":[{\"@type\":\"SearchAction\",\"target\":{\"@type\":\"EntryPoint\",\"urlTemplate\":\"https:\/\/wptest.ateliermaiffret.com\/?s={search_term_string}\"},\"query-input\":{\"@type\":\"PropertyValueSpecification\",\"valueRequired\":true,\"valueName\":\"search_term_string\"}}],\"inLanguage\":\"fr-FR\"}]}<\/script>\n<!-- \/ Yoast SEO plugin. -->","yoast_head_json":{"title":"Conditions g\u00e9n\u00e9rales de vente (CGV) - Atelier Maiffret TEST","robots":{"index":"noindex","follow":"follow","max-snippet":"max-snippet:-1","max-image-preview":"max-image-preview:large","max-video-preview":"max-video-preview:-1"},"og_locale":"fr_FR","og_type":"article","og_title":"Conditions g\u00e9n\u00e9rales de vente (CGV) - Atelier Maiffret TEST","og_description":"Conditions g\u00e9n\u00e9rales de vente (CGV) Les pr\u00e9sentes conditions s'appliquent pour toutes les ventes r\u00e9alis\u00e9es sur le site www.ateliermaiffret.com et tous les produits qui y sont propos\u00e9s \u00e0 la vente. Adresse postale :19, rue de la Chapelle89520 Sainpuits Adresse mail :antoine@ateliermaiffret.com Prix des \u0153uvres Les prix des \u0153uvres sont indiqu\u00e9s en euro toutes taxes comprises, hors [&hellip;]","og_url":"https:\/\/wptest.ateliermaiffret.com\/?page_id=589","og_site_name":"Atelier Maiffret TEST","article_modified_time":"2024-08-13T18:27:14+00:00","twitter_card":"summary_large_image","schema":{"@context":"https:\/\/schema.org","@graph":[{"@type":"WebPage","@id":"https:\/\/wptest.ateliermaiffret.com\/?page_id=589","url":"https:\/\/wptest.ateliermaiffret.com\/?page_id=589","name":"Conditions g\u00e9n\u00e9rales de vente (CGV) - Atelier Maiffret TEST","isPartOf":{"@id":"https:\/\/wptest.ateliermaiffret.com\/#website"},"datePublished":"2024-08-13T17:49:47+00:00","dateModified":"2024-08-13T18:27:14+00:00","breadcrumb":{"@id":"https:\/\/wptest.ateliermaiffret.com\/?page_id=589#breadcrumb"},"inLanguage":"fr-FR","potentialAction":[{"@type":"ReadAction","target":["https:\/\/wptest.ateliermaiffret.com\/?page_id=589"]}]},{"@type":"BreadcrumbList","@id":"https:\/\/wptest.ateliermaiffret.com\/?page_id=589#breadcrumb","itemListElement":[{"@type":"ListItem","position":1,"name":"Accueil","item":"https:\/\/wptest.ateliermaiffret.com\/"},{"@type":"ListItem","position":2,"name":"Conditions g\u00e9n\u00e9rales de vente (CGV)"}]},{"@type":"WebSite","@id":"https:\/\/wptest.ateliermaiffret.com\/#website","url":"https:\/\/wptest.ateliermaiffret.com\/","name":"Atelier Maiffret TEST","description":"Dessins, peintures et objets","potentialAction":[{"@type":"SearchAction","target":{"@type":"EntryPoint","urlTemplate":"https:\/\/wptest.ateliermaiffret.com\/?s={search_term_string}"},"query-input":{"@type":"PropertyValueSpecification","valueRequired":true,"valueName":"search_term_string"}}],"inLanguage":"fr-FR"}]}},"jetpack_sharing_enabled":true,"_links":{"self":[{"href":"https:\/\/wptest.ateliermaiffret.com\/index.php?rest_route=\/wp\/v2\/pages\/589","targetHints":{"allow":["GET"]}}],"collection":[{"href":"https:\/\/wptest.ateliermaiffret.com\/index.php?rest_route=\/wp\/v2\/pages"}],"about":[{"href":"https:\/\/wptest.ateliermaiffret.com\/index.php?rest_route=\/wp\/v2\/types\/page"}],"author":[{"embeddable":true,"href":"https:\/\/wptest.ateliermaiffret.com\/index.php?rest_route=\/wp\/v2\/users\/1"}],"replies":[{"embeddable":true,"href":"https:\/\/wptest.ateliermaiffret.com\/index.php?rest_route=%2Fwp%2Fv2%2Fcomments&post=589"}],"version-history":[{"count":3,"href":"https:\/\/wptest.ateliermaiffret.com\/index.php?rest_route=\/wp\/v2\/pages\/589\/revisions"}],"predecessor-version":[{"id":616,"href":"https:\/\/wptest.ateliermaiffret.com\/index.php?rest_route=\/wp\/v2\/pages\/589\/revisions\/616"}],"wp:attachment":[{"href":"https:\/\/wptest.ateliermaiffret.com\/index.php?rest_route=%2Fwp%2Fv2%2Fmedia&parent=589"}],"curies":[{"name":"wp","href":"https:\/\/api.w.org\/{rel}","templated":true}]}}