{"id":506,"date":"2024-08-13T18:53:20","date_gmt":"2024-08-13T16:53:20","guid":{"rendered":"https:\/\/wptest.ateliermaiffret.com\/?post_type=product&#038;p=506"},"modified":"2024-09-16T13:35:05","modified_gmt":"2024-09-16T11:35:05","slug":"fraiseuse-datelier","status":"publish","type":"product","link":"https:\/\/wptest.ateliermaiffret.com\/?product=fraiseuse-datelier","title":{"rendered":"Fraiseuse d\u2019atelier"},"content":{"rendered":"","protected":false},"excerpt":{"rendered":"<p class=\"p1\"><strong>Huile sur toile, 1995<\/strong><br \/>\n<strong>89 x 116 cm<\/strong><\/p>\n<hr \/>\n<p>Peinture dont le dessin a \u00e9t\u00e9 r\u00e9alis\u00e9 dans un atelier de rectification de m\u00e9taux<br \/>\nde la rue Saint-Maur dans le XIe arrondissement de Paris<\/p>\n<p class=\"p1\"><span class=\"s1\">Cette toile fait partie d&rsquo;une s\u00e9rie r\u00e9alis\u00e9e sur le th\u00e8me des ateliers de rectification de m\u00e9taux, et des machines qui les composent.<br \/>\n<\/span><span class=\"s1\">J\u2019avais \u00e9t\u00e9 touch\u00e9 par l\u2019atmosph\u00e8re de ces ateliers, leurs lumi\u00e8res, leurs couleurs, le v\u00e9cu ouvrier dont ils t\u00e9moignent. Mais c\u2019est surtout l\u2019\u00e9volution des techniques qui m\u2019a marqu\u00e9. En effet, des savoir-faire difficilement acquis au cours de toutes les vies de tourneurs, de fraiseurs, ont \u00e9t\u00e9 remplac\u00e9s du jour au lendemain par des ordinateurs, aux capacit\u00e9s cens\u00e9ment bien sup\u00e9rieures \u00e0 celle de l\u2019humain.<\/span><\/p>\n<p class=\"p1\"><span class=\"s1\">Toute la ma\u00eetrise acquise par ces ouvriers hautement qualifi\u00e9s, pour gagner en qualit\u00e9, en pr\u00e9cision, ne servait plus \u00e0 rien. Je voulais rendre hommage \u00e0 ces ouvriers en peignant leurs belles machines, qu\u2019ils connaissaient si bien. <\/span><\/p>\n<hr \/>\n<p>&nbsp;<\/p>\n","protected":false},"featured_media":344,"comment_status":"open","ping_status":"closed","template":"","meta":{"_et_pb_use_builder":"","_et_pb_old_content":"","_et_gb_content_width":""},"product_cat":[63,48,53,46],"product_tag":[34],"class_list":{"0":"post-506","1":"product","2":"type-product","3":"status-publish","4":"has-post-thumbnail","6":"product_cat-en-vente","7":"product_cat-peintures-huile","8":"product_cat-paris","9":"product_cat-peintures","10":"product_tag-en-vente","12":"first","13":"instock","14":"taxable","15":"shipping-taxable","16":"purchasable","17":"product-type-simple"},"yoast_head":"<!-- This site is optimized with the Yoast SEO plugin v23.4 - https:\/\/yoast.com\/wordpress\/plugins\/seo\/ -->\n<title>Fraiseuse d\u2019atelier - Atelier Maiffret TEST<\/title>\n<meta name=\"description\" content=\"Huile sur toile, 1995. 89 x 116 cm\" \/>\n<meta name=\"robots\" content=\"noindex, follow, max-snippet:-1, max-image-preview:large, max-video-preview:-1\" \/>\n<meta property=\"og:locale\" content=\"fr_FR\" \/>\n<meta property=\"og:type\" content=\"article\" \/>\n<meta property=\"og:title\" content=\"Fraiseuse d\u2019atelier - Atelier Maiffret TEST\" \/>\n<meta property=\"og:description\" content=\"Huile sur toile, 1995. 89 x 116 cm\" \/>\n<meta property=\"og:url\" content=\"https:\/\/wptest.ateliermaiffret.com\/?product=fraiseuse-datelier\" \/>\n<meta property=\"og:site_name\" content=\"Atelier Maiffret TEST\" \/>\n<meta property=\"article:modified_time\" content=\"2024-09-16T11:35:05+00:00\" \/>\n<meta property=\"og:image\" content=\"https:\/\/wptest.ateliermaiffret.com\/wp-content\/uploads\/2024\/08\/PA95002_Fraiseuse_d_atelier-1800L-1.jpg\" \/>\n\t<meta property=\"og:image:width\" content=\"1374\" \/>\n\t<meta property=\"og:image:height\" content=\"1800\" \/>\n\t<meta property=\"og:image:type\" content=\"image\/jpeg\" \/>\n<meta name=\"twitter:card\" content=\"summary_large_image\" \/>\n<meta name=\"twitter:label1\" content=\"Dur\u00e9e de lecture estim\u00e9e\" \/>\n\t<meta name=\"twitter:data1\" content=\"1 minute\" \/>\n<script type=\"application\/ld+json\" class=\"yoast-schema-graph\">{\"@context\":\"https:\/\/schema.org\",\"@graph\":[{\"@type\":\"WebPage\",\"@id\":\"https:\/\/wptest.ateliermaiffret.com\/?product=fraiseuse-datelier\",\"url\":\"https:\/\/wptest.ateliermaiffret.com\/?product=fraiseuse-datelier\",\"name\":\"Fraiseuse d\u2019atelier - Atelier Maiffret TEST\",\"isPartOf\":{\"@id\":\"https:\/\/wptest.ateliermaiffret.com\/#website\"},\"primaryImageOfPage\":{\"@id\":\"https:\/\/wptest.ateliermaiffret.com\/?product=fraiseuse-datelier#primaryimage\"},\"image\":{\"@id\":\"https:\/\/wptest.ateliermaiffret.com\/?product=fraiseuse-datelier#primaryimage\"},\"thumbnailUrl\":\"https:\/\/i0.wp.com\/wptest.ateliermaiffret.com\/wp-content\/uploads\/2024\/08\/PA95002_Fraiseuse_d_atelier-1800L-1.jpg?fit=1374%2C1800&ssl=1\",\"datePublished\":\"2024-08-13T16:53:20+00:00\",\"dateModified\":\"2024-09-16T11:35:05+00:00\",\"description\":\"Huile sur toile, 1995. 89 x 116 cm\",\"breadcrumb\":{\"@id\":\"https:\/\/wptest.ateliermaiffret.com\/?product=fraiseuse-datelier#breadcrumb\"},\"inLanguage\":\"fr-FR\",\"potentialAction\":[{\"@type\":\"ReadAction\",\"target\":[\"https:\/\/wptest.ateliermaiffret.com\/?product=fraiseuse-datelier\"]}]},{\"@type\":\"ImageObject\",\"inLanguage\":\"fr-FR\",\"@id\":\"https:\/\/wptest.ateliermaiffret.com\/?product=fraiseuse-datelier#primaryimage\",\"url\":\"https:\/\/i0.wp.com\/wptest.ateliermaiffret.com\/wp-content\/uploads\/2024\/08\/PA95002_Fraiseuse_d_atelier-1800L-1.jpg?fit=1374%2C1800&ssl=1\",\"contentUrl\":\"https:\/\/i0.wp.com\/wptest.ateliermaiffret.com\/wp-content\/uploads\/2024\/08\/PA95002_Fraiseuse_d_atelier-1800L-1.jpg?fit=1374%2C1800&ssl=1\",\"width\":1374,\"height\":1800},{\"@type\":\"BreadcrumbList\",\"@id\":\"https:\/\/wptest.ateliermaiffret.com\/?product=fraiseuse-datelier#breadcrumb\",\"itemListElement\":[{\"@type\":\"ListItem\",\"position\":1,\"name\":\"Accueil\",\"item\":\"https:\/\/wptest.ateliermaiffret.com\/\"},{\"@type\":\"ListItem\",\"position\":2,\"name\":\"Produits\",\"item\":\"https:\/\/wptest.ateliermaiffret.com\/?post_type=product\"},{\"@type\":\"ListItem\",\"position\":3,\"name\":\"Fraiseuse d\u2019atelier\"}]},{\"@type\":\"WebSite\",\"@id\":\"https:\/\/wptest.ateliermaiffret.com\/#website\",\"url\":\"https:\/\/wptest.ateliermaiffret.com\/\",\"name\":\"Atelier Maiffret TEST\",\"description\":\"Dessins, peintures et objets\",\"potentialAction\":[{\"@type\":\"SearchAction\",\"target\":{\"@type\":\"EntryPoint\",\"urlTemplate\":\"https:\/\/wptest.ateliermaiffret.com\/?s={search_term_string}\"},\"query-input\":{\"@type\":\"PropertyValueSpecification\",\"valueRequired\":true,\"valueName\":\"search_term_string\"}}],\"inLanguage\":\"fr-FR\"}]}<\/script>\n<!-- \/ Yoast SEO plugin. -->","yoast_head_json":{"title":"Fraiseuse d\u2019atelier - Atelier Maiffret TEST","description":"Huile sur toile, 1995. 89 x 116 cm","robots":{"index":"noindex","follow":"follow","max-snippet":"max-snippet:-1","max-image-preview":"max-image-preview:large","max-video-preview":"max-video-preview:-1"},"og_locale":"fr_FR","og_type":"article","og_title":"Fraiseuse d\u2019atelier - Atelier Maiffret TEST","og_description":"Huile sur toile, 1995. 89 x 116 cm","og_url":"https:\/\/wptest.ateliermaiffret.com\/?product=fraiseuse-datelier","og_site_name":"Atelier Maiffret TEST","article_modified_time":"2024-09-16T11:35:05+00:00","og_image":[{"width":1374,"height":1800,"url":"https:\/\/wptest.ateliermaiffret.com\/wp-content\/uploads\/2024\/08\/PA95002_Fraiseuse_d_atelier-1800L-1.jpg","type":"image\/jpeg"}],"twitter_card":"summary_large_image","twitter_misc":{"Dur\u00e9e de lecture estim\u00e9e":"1 minute"},"schema":{"@context":"https:\/\/schema.org","@graph":[{"@type":"WebPage","@id":"https:\/\/wptest.ateliermaiffret.com\/?product=fraiseuse-datelier","url":"https:\/\/wptest.ateliermaiffret.com\/?product=fraiseuse-datelier","name":"Fraiseuse d\u2019atelier - Atelier Maiffret TEST","isPartOf":{"@id":"https:\/\/wptest.ateliermaiffret.com\/#website"},"primaryImageOfPage":{"@id":"https:\/\/wptest.ateliermaiffret.com\/?product=fraiseuse-datelier#primaryimage"},"image":{"@id":"https:\/\/wptest.ateliermaiffret.com\/?product=fraiseuse-datelier#primaryimage"},"thumbnailUrl":"https:\/\/i0.wp.com\/wptest.ateliermaiffret.com\/wp-content\/uploads\/2024\/08\/PA95002_Fraiseuse_d_atelier-1800L-1.jpg?fit=1374%2C1800&ssl=1","datePublished":"2024-08-13T16:53:20+00:00","dateModified":"2024-09-16T11:35:05+00:00","description":"Huile sur toile, 1995. 89 x 116 cm","breadcrumb":{"@id":"https:\/\/wptest.ateliermaiffret.com\/?product=fraiseuse-datelier#breadcrumb"},"inLanguage":"fr-FR","potentialAction":[{"@type":"ReadAction","target":["https:\/\/wptest.ateliermaiffret.com\/?product=fraiseuse-datelier"]}]},{"@type":"ImageObject","inLanguage":"fr-FR","@id":"https:\/\/wptest.ateliermaiffret.com\/?product=fraiseuse-datelier#primaryimage","url":"https:\/\/i0.wp.com\/wptest.ateliermaiffret.com\/wp-content\/uploads\/2024\/08\/PA95002_Fraiseuse_d_atelier-1800L-1.jpg?fit=1374%2C1800&ssl=1","contentUrl":"https:\/\/i0.wp.com\/wptest.ateliermaiffret.com\/wp-content\/uploads\/2024\/08\/PA95002_Fraiseuse_d_atelier-1800L-1.jpg?fit=1374%2C1800&ssl=1","width":1374,"height":1800},{"@type":"BreadcrumbList","@id":"https:\/\/wptest.ateliermaiffret.com\/?product=fraiseuse-datelier#breadcrumb","itemListElement":[{"@type":"ListItem","position":1,"name":"Accueil","item":"https:\/\/wptest.ateliermaiffret.com\/"},{"@type":"ListItem","position":2,"name":"Produits","item":"https:\/\/wptest.ateliermaiffret.com\/?post_type=product"},{"@type":"ListItem","position":3,"name":"Fraiseuse d\u2019atelier"}]},{"@type":"WebSite","@id":"https:\/\/wptest.ateliermaiffret.com\/#website","url":"https:\/\/wptest.ateliermaiffret.com\/","name":"Atelier Maiffret TEST","description":"Dessins, peintures et objets","potentialAction":[{"@type":"SearchAction","target":{"@type":"EntryPoint","urlTemplate":"https:\/\/wptest.ateliermaiffret.com\/?s={search_term_string}"},"query-input":{"@type":"PropertyValueSpecification","valueRequired":true,"valueName":"search_term_string"}}],"inLanguage":"fr-FR"}]}},"jetpack_sharing_enabled":true,"_links":{"self":[{"href":"https:\/\/wptest.ateliermaiffret.com\/index.php?rest_route=\/wp\/v2\/product\/506","targetHints":{"allow":["GET"]}}],"collection":[{"href":"https:\/\/wptest.ateliermaiffret.com\/index.php?rest_route=\/wp\/v2\/product"}],"about":[{"href":"https:\/\/wptest.ateliermaiffret.com\/index.php?rest_route=\/wp\/v2\/types\/product"}],"replies":[{"embeddable":true,"href":"https:\/\/wptest.ateliermaiffret.com\/index.php?rest_route=%2Fwp%2Fv2%2Fcomments&post=506"}],"wp:featuredmedia":[{"embeddable":true,"href":"https:\/\/wptest.ateliermaiffret.com\/index.php?rest_route=\/wp\/v2\/media\/344"}],"wp:attachment":[{"href":"https:\/\/wptest.ateliermaiffret.com\/index.php?rest_route=%2Fwp%2Fv2%2Fmedia&parent=506"}],"wp:term":[{"taxonomy":"product_cat","embeddable":true,"href":"https:\/\/wptest.ateliermaiffret.com\/index.php?rest_route=%2Fwp%2Fv2%2Fproduct_cat&post=506"},{"taxonomy":"product_tag","embeddable":true,"href":"https:\/\/wptest.ateliermaiffret.com\/index.php?rest_route=%2Fwp%2Fv2%2Fproduct_tag&post=506"}],"curies":[{"name":"wp","href":"https:\/\/api.w.org\/{rel}","templated":true}]}}