{"id":514,"date":"2024-08-13T18:53:21","date_gmt":"2024-08-13T16:53:21","guid":{"rendered":"https:\/\/wptest.ateliermaiffret.com\/?post_type=product&#038;p=514"},"modified":"2024-08-14T18:44:09","modified_gmt":"2024-08-14T16:44:09","slug":"les-commissions","status":"publish","type":"product","link":"https:\/\/wptest.ateliermaiffret.com\/?product=les-commissions","title":{"rendered":"Les Commissions"},"content":{"rendered":"","protected":false},"excerpt":{"rendered":"<p class=\"p1\"><strong>Bois, carton, terre cuite, papier, feuille d\u2019aluminium,<br \/>\nac\u00e9tate, acrylique et encre, 1989<\/strong><br \/>\n<strong>100 x 120 x 14 cm<\/strong><\/p>\n<hr \/>\n<p>Premier bas-relief d&rsquo;une s\u00e9rie appel\u00e9e les Commissions<br \/>\nAssemblage de boites alimentaires r\u00e9alis\u00e9es de mani\u00e8re brute<\/p>\n<p class=\"p1\"><em>\u00abLes commissions \u00bb, c\u2019est le nom d\u2019une s\u00e9rie de bas-reliefs repr\u00e9sentant des emballages de produits alimentaires. Le premier bas-relief mis au point en 1989 avait pour objet de pr\u00e9senter ces emballages, non pas tels qu\u2019ils \u00e9taient r\u00e9ellement, mais seulement selon le souvenir qu\u2019ils avaient laiss\u00e9s dans mon esprit.<\/em><\/p>\n<p class=\"p1\"><em>Il me parait ici important d\u2019aborder la notion de \u00ab Quotidien \u00bb, les courses, les commissions, que nous sommes tous oblig\u00e9s de faire pour nous nourrir, en achetant un certain nombre de produits issus de l\u2019industrie alimentaire et auquel on ne pr\u00eate pas ou plus forc\u00e9ment attention tellement leur achat est r\u00e9gulier.<\/em><\/p>\n<p class=\"p1\"><em>Ces produits sans ambition s\u2019immiscent dans notre vie la plus triviale, et pourtant, ils cr\u00e9ent un univers d\u2019images et de sensations que vous garderez avec vous longtemps. La mise en oeuvre de mani\u00e8re<\/em><\/p>\n<p class=\"p1\"><em>brute, d\u2019esquisse rude parfois maladroite, figure l\u2019\u00e9rosion de la m\u00e9moire. C\u2019est aussi une mani\u00e8re d\u2019humaniser cette imagerie industrielle.<\/em><\/p>\n<hr \/>\n<p>&nbsp;<\/p>\n","protected":false},"featured_media":365,"comment_status":"open","ping_status":"closed","template":"","meta":{"_et_pb_use_builder":"","_et_pb_old_content":"","_et_gb_content_width":""},"product_cat":[52,53,51],"product_tag":[54],"class_list":{"0":"post-514","1":"product","2":"type-product","3":"status-publish","4":"has-post-thumbnail","6":"product_cat-objets","7":"product_cat-paris","8":"product_cat-volumes","9":"product_tag-vendu","11":"first","12":"outofstock","13":"taxable","14":"shipping-taxable","15":"product-type-simple"},"yoast_head":"<!-- This site is optimized with the Yoast SEO plugin v23.4 - https:\/\/yoast.com\/wordpress\/plugins\/seo\/ -->\n<title>Les Commissions - Atelier Maiffret TEST<\/title>\n<meta name=\"description\" content=\"Bois, carton, terre cuite, papier, feuille d\u2019aluminium, ac\u00e9tate, acrylique et encre, 1989. 100 x 120 x 14 cm\" \/>\n<meta name=\"robots\" content=\"noindex, follow, max-snippet:-1, max-image-preview:large, max-video-preview:-1\" \/>\n<meta property=\"og:locale\" content=\"fr_FR\" \/>\n<meta property=\"og:type\" content=\"article\" \/>\n<meta property=\"og:title\" content=\"Les Commissions - Atelier Maiffret TEST\" \/>\n<meta property=\"og:description\" content=\"Bois, carton, terre cuite, papier, feuille d\u2019aluminium, ac\u00e9tate, acrylique et encre, 1989. 100 x 120 x 14 cm\" \/>\n<meta property=\"og:url\" content=\"https:\/\/wptest.ateliermaiffret.com\/?product=les-commissions\" \/>\n<meta property=\"og:site_name\" content=\"Atelier Maiffret TEST\" \/>\n<meta property=\"article:modified_time\" content=\"2024-08-14T16:44:09+00:00\" \/>\n<meta property=\"og:image\" content=\"https:\/\/wptest.ateliermaiffret.com\/wp-content\/uploads\/2024\/08\/OA89001_Commissions-1-1800L-1.jpg\" \/>\n\t<meta property=\"og:image:width\" content=\"1456\" \/>\n\t<meta property=\"og:image:height\" content=\"1800\" \/>\n\t<meta property=\"og:image:type\" content=\"image\/jpeg\" \/>\n<meta name=\"twitter:card\" content=\"summary_large_image\" \/>\n<meta name=\"twitter:label1\" content=\"Dur\u00e9e de lecture estim\u00e9e\" \/>\n\t<meta name=\"twitter:data1\" content=\"1 minute\" \/>\n<script type=\"application\/ld+json\" class=\"yoast-schema-graph\">{\"@context\":\"https:\/\/schema.org\",\"@graph\":[{\"@type\":\"WebPage\",\"@id\":\"https:\/\/wptest.ateliermaiffret.com\/?product=les-commissions\",\"url\":\"https:\/\/wptest.ateliermaiffret.com\/?product=les-commissions\",\"name\":\"Les Commissions - Atelier Maiffret TEST\",\"isPartOf\":{\"@id\":\"https:\/\/wptest.ateliermaiffret.com\/#website\"},\"primaryImageOfPage\":{\"@id\":\"https:\/\/wptest.ateliermaiffret.com\/?product=les-commissions#primaryimage\"},\"image\":{\"@id\":\"https:\/\/wptest.ateliermaiffret.com\/?product=les-commissions#primaryimage\"},\"thumbnailUrl\":\"https:\/\/i0.wp.com\/wptest.ateliermaiffret.com\/wp-content\/uploads\/2024\/08\/OA89001_Commissions-1-1800L-1.jpg?fit=1456%2C1800&ssl=1\",\"datePublished\":\"2024-08-13T16:53:21+00:00\",\"dateModified\":\"2024-08-14T16:44:09+00:00\",\"description\":\"Bois, carton, terre cuite, papier, feuille d\u2019aluminium, ac\u00e9tate, acrylique et encre, 1989. 100 x 120 x 14 cm\",\"breadcrumb\":{\"@id\":\"https:\/\/wptest.ateliermaiffret.com\/?product=les-commissions#breadcrumb\"},\"inLanguage\":\"fr-FR\",\"potentialAction\":[{\"@type\":\"ReadAction\",\"target\":[\"https:\/\/wptest.ateliermaiffret.com\/?product=les-commissions\"]}]},{\"@type\":\"ImageObject\",\"inLanguage\":\"fr-FR\",\"@id\":\"https:\/\/wptest.ateliermaiffret.com\/?product=les-commissions#primaryimage\",\"url\":\"https:\/\/i0.wp.com\/wptest.ateliermaiffret.com\/wp-content\/uploads\/2024\/08\/OA89001_Commissions-1-1800L-1.jpg?fit=1456%2C1800&ssl=1\",\"contentUrl\":\"https:\/\/i0.wp.com\/wptest.ateliermaiffret.com\/wp-content\/uploads\/2024\/08\/OA89001_Commissions-1-1800L-1.jpg?fit=1456%2C1800&ssl=1\",\"width\":1456,\"height\":1800},{\"@type\":\"BreadcrumbList\",\"@id\":\"https:\/\/wptest.ateliermaiffret.com\/?product=les-commissions#breadcrumb\",\"itemListElement\":[{\"@type\":\"ListItem\",\"position\":1,\"name\":\"Accueil\",\"item\":\"https:\/\/wptest.ateliermaiffret.com\/\"},{\"@type\":\"ListItem\",\"position\":2,\"name\":\"Produits\",\"item\":\"https:\/\/wptest.ateliermaiffret.com\/?post_type=product\"},{\"@type\":\"ListItem\",\"position\":3,\"name\":\"Les Commissions\"}]},{\"@type\":\"WebSite\",\"@id\":\"https:\/\/wptest.ateliermaiffret.com\/#website\",\"url\":\"https:\/\/wptest.ateliermaiffret.com\/\",\"name\":\"Atelier Maiffret TEST\",\"description\":\"Dessins, peintures et objets\",\"potentialAction\":[{\"@type\":\"SearchAction\",\"target\":{\"@type\":\"EntryPoint\",\"urlTemplate\":\"https:\/\/wptest.ateliermaiffret.com\/?s={search_term_string}\"},\"query-input\":{\"@type\":\"PropertyValueSpecification\",\"valueRequired\":true,\"valueName\":\"search_term_string\"}}],\"inLanguage\":\"fr-FR\"}]}<\/script>\n<!-- \/ Yoast SEO plugin. -->","yoast_head_json":{"title":"Les Commissions - Atelier Maiffret TEST","description":"Bois, carton, terre cuite, papier, feuille d\u2019aluminium, ac\u00e9tate, acrylique et encre, 1989. 100 x 120 x 14 cm","robots":{"index":"noindex","follow":"follow","max-snippet":"max-snippet:-1","max-image-preview":"max-image-preview:large","max-video-preview":"max-video-preview:-1"},"og_locale":"fr_FR","og_type":"article","og_title":"Les Commissions - Atelier Maiffret TEST","og_description":"Bois, carton, terre cuite, papier, feuille d\u2019aluminium, ac\u00e9tate, acrylique et encre, 1989. 100 x 120 x 14 cm","og_url":"https:\/\/wptest.ateliermaiffret.com\/?product=les-commissions","og_site_name":"Atelier Maiffret TEST","article_modified_time":"2024-08-14T16:44:09+00:00","og_image":[{"width":1456,"height":1800,"url":"https:\/\/wptest.ateliermaiffret.com\/wp-content\/uploads\/2024\/08\/OA89001_Commissions-1-1800L-1.jpg","type":"image\/jpeg"}],"twitter_card":"summary_large_image","twitter_misc":{"Dur\u00e9e de lecture estim\u00e9e":"1 minute"},"schema":{"@context":"https:\/\/schema.org","@graph":[{"@type":"WebPage","@id":"https:\/\/wptest.ateliermaiffret.com\/?product=les-commissions","url":"https:\/\/wptest.ateliermaiffret.com\/?product=les-commissions","name":"Les Commissions - Atelier Maiffret TEST","isPartOf":{"@id":"https:\/\/wptest.ateliermaiffret.com\/#website"},"primaryImageOfPage":{"@id":"https:\/\/wptest.ateliermaiffret.com\/?product=les-commissions#primaryimage"},"image":{"@id":"https:\/\/wptest.ateliermaiffret.com\/?product=les-commissions#primaryimage"},"thumbnailUrl":"https:\/\/i0.wp.com\/wptest.ateliermaiffret.com\/wp-content\/uploads\/2024\/08\/OA89001_Commissions-1-1800L-1.jpg?fit=1456%2C1800&ssl=1","datePublished":"2024-08-13T16:53:21+00:00","dateModified":"2024-08-14T16:44:09+00:00","description":"Bois, carton, terre cuite, papier, feuille d\u2019aluminium, ac\u00e9tate, acrylique et encre, 1989. 100 x 120 x 14 cm","breadcrumb":{"@id":"https:\/\/wptest.ateliermaiffret.com\/?product=les-commissions#breadcrumb"},"inLanguage":"fr-FR","potentialAction":[{"@type":"ReadAction","target":["https:\/\/wptest.ateliermaiffret.com\/?product=les-commissions"]}]},{"@type":"ImageObject","inLanguage":"fr-FR","@id":"https:\/\/wptest.ateliermaiffret.com\/?product=les-commissions#primaryimage","url":"https:\/\/i0.wp.com\/wptest.ateliermaiffret.com\/wp-content\/uploads\/2024\/08\/OA89001_Commissions-1-1800L-1.jpg?fit=1456%2C1800&ssl=1","contentUrl":"https:\/\/i0.wp.com\/wptest.ateliermaiffret.com\/wp-content\/uploads\/2024\/08\/OA89001_Commissions-1-1800L-1.jpg?fit=1456%2C1800&ssl=1","width":1456,"height":1800},{"@type":"BreadcrumbList","@id":"https:\/\/wptest.ateliermaiffret.com\/?product=les-commissions#breadcrumb","itemListElement":[{"@type":"ListItem","position":1,"name":"Accueil","item":"https:\/\/wptest.ateliermaiffret.com\/"},{"@type":"ListItem","position":2,"name":"Produits","item":"https:\/\/wptest.ateliermaiffret.com\/?post_type=product"},{"@type":"ListItem","position":3,"name":"Les Commissions"}]},{"@type":"WebSite","@id":"https:\/\/wptest.ateliermaiffret.com\/#website","url":"https:\/\/wptest.ateliermaiffret.com\/","name":"Atelier Maiffret TEST","description":"Dessins, peintures et objets","potentialAction":[{"@type":"SearchAction","target":{"@type":"EntryPoint","urlTemplate":"https:\/\/wptest.ateliermaiffret.com\/?s={search_term_string}"},"query-input":{"@type":"PropertyValueSpecification","valueRequired":true,"valueName":"search_term_string"}}],"inLanguage":"fr-FR"}]}},"jetpack_sharing_enabled":true,"_links":{"self":[{"href":"https:\/\/wptest.ateliermaiffret.com\/index.php?rest_route=\/wp\/v2\/product\/514","targetHints":{"allow":["GET"]}}],"collection":[{"href":"https:\/\/wptest.ateliermaiffret.com\/index.php?rest_route=\/wp\/v2\/product"}],"about":[{"href":"https:\/\/wptest.ateliermaiffret.com\/index.php?rest_route=\/wp\/v2\/types\/product"}],"replies":[{"embeddable":true,"href":"https:\/\/wptest.ateliermaiffret.com\/index.php?rest_route=%2Fwp%2Fv2%2Fcomments&post=514"}],"wp:featuredmedia":[{"embeddable":true,"href":"https:\/\/wptest.ateliermaiffret.com\/index.php?rest_route=\/wp\/v2\/media\/365"}],"wp:attachment":[{"href":"https:\/\/wptest.ateliermaiffret.com\/index.php?rest_route=%2Fwp%2Fv2%2Fmedia&parent=514"}],"wp:term":[{"taxonomy":"product_cat","embeddable":true,"href":"https:\/\/wptest.ateliermaiffret.com\/index.php?rest_route=%2Fwp%2Fv2%2Fproduct_cat&post=514"},{"taxonomy":"product_tag","embeddable":true,"href":"https:\/\/wptest.ateliermaiffret.com\/index.php?rest_route=%2Fwp%2Fv2%2Fproduct_tag&post=514"}],"curies":[{"name":"wp","href":"https:\/\/api.w.org\/{rel}","templated":true}]}}