{"id":517,"date":"2024-08-13T18:53:22","date_gmt":"2024-08-13T16:53:22","guid":{"rendered":"https:\/\/wptest.ateliermaiffret.com\/?post_type=product&#038;p=517"},"modified":"2024-08-14T18:44:09","modified_gmt":"2024-08-14T16:44:09","slug":"carte-desprit-hergeenne","status":"publish","type":"product","link":"https:\/\/wptest.ateliermaiffret.com\/?product=carte-desprit-hergeenne","title":{"rendered":"Carte d\u2019esprit herg\u00e9enne"},"content":{"rendered":"","protected":false},"excerpt":{"rendered":"<p class=\"p1\"><strong>Bois, cartons, papiers, pl\u00e2tre<\/strong><br \/>\n<strong>acrylique, tiges de fer, 1990<\/strong><br \/>\n<strong>50 x 65 cm<\/strong><\/p>\n<hr \/>\n<p>Ce bas-relief, r\u00e9alis\u00e9 en 1990, fait naturellement penser au travail du dessinateur Herg\u00e9, et c\u2019est bien le but. Les albums de Tintin m\u2019ont appris \u00e0 lire et \u00e0 \u00e9crire, ils ont aussi \u00e9veill\u00e9 en moi une mani\u00e8re de s\u2019exprimer, d\u2019observer pour comprendre, ainsi qu\u2019\u00e0 appr\u00e9cier une certaine forme d\u2019humour. C\u2019est parce que je dois beaucoup \u00e0 son auteur que j\u2019ai voulu cr\u00e9er cet objet, que je qualifi e de \u00ab Carte d\u2019esprit \u00bb.<\/p>\n<p>Nous y trouvons en effet les deux yeux de l\u2019observation, la r\u00e8gle de la mesure, la sexualit\u00e9 avec une forme dandinante rappelant la fameuse fus\u00e9e, deux objets myst\u00e9rieux se confondant avec le fond car on ne sait jamais tout de son propre esprit, et le noyau irr\u00e9ductible de la cr\u00e9ation dont les effluves de coton s\u2019\u00e9chappent, tels les cheveux des infortun\u00e9s Dupont et Dupond.<\/p>\n<hr \/>\n<p>&nbsp;<\/p>\n","protected":false},"featured_media":368,"comment_status":"open","ping_status":"closed","template":"","meta":{"_et_pb_use_builder":"","_et_pb_old_content":"","_et_gb_content_width":""},"product_cat":[52,53,51],"product_tag":[54],"class_list":{"0":"post-517","1":"product","2":"type-product","3":"status-publish","4":"has-post-thumbnail","6":"product_cat-objets","7":"product_cat-paris","8":"product_cat-volumes","9":"product_tag-vendu","11":"first","12":"outofstock","13":"taxable","14":"shipping-taxable","15":"product-type-simple"},"yoast_head":"<!-- This site is optimized with the Yoast SEO plugin v23.4 - https:\/\/yoast.com\/wordpress\/plugins\/seo\/ -->\n<title>Carte d\u2019esprit herg\u00e9enne - Atelier Maiffret TEST<\/title>\n<meta name=\"description\" content=\"Bois, cartons, papiers, pl\u00e2tre, acrylique, tiges de fer, 1990. 50 x 65 cm\" \/>\n<meta name=\"robots\" content=\"noindex, follow, max-snippet:-1, max-image-preview:large, max-video-preview:-1\" \/>\n<meta property=\"og:locale\" content=\"fr_FR\" \/>\n<meta property=\"og:type\" content=\"article\" \/>\n<meta property=\"og:title\" content=\"Carte d\u2019esprit herg\u00e9enne - Atelier Maiffret TEST\" \/>\n<meta property=\"og:description\" content=\"Bois, cartons, papiers, pl\u00e2tre, acrylique, tiges de fer, 1990. 50 x 65 cm\" \/>\n<meta property=\"og:url\" content=\"https:\/\/wptest.ateliermaiffret.com\/?product=carte-desprit-hergeenne\" \/>\n<meta property=\"og:site_name\" content=\"Atelier Maiffret TEST\" \/>\n<meta property=\"article:modified_time\" content=\"2024-08-14T16:44:09+00:00\" \/>\n<meta property=\"og:image\" content=\"https:\/\/wptest.ateliermaiffret.com\/wp-content\/uploads\/2024\/08\/OA90001_Bas-relief_Hergeen-1800L-1.jpg\" \/>\n\t<meta property=\"og:image:width\" content=\"1426\" \/>\n\t<meta property=\"og:image:height\" content=\"1800\" \/>\n\t<meta property=\"og:image:type\" content=\"image\/jpeg\" \/>\n<meta name=\"twitter:card\" content=\"summary_large_image\" \/>\n<meta name=\"twitter:label1\" content=\"Dur\u00e9e de lecture estim\u00e9e\" \/>\n\t<meta name=\"twitter:data1\" content=\"1 minute\" \/>\n<script type=\"application\/ld+json\" class=\"yoast-schema-graph\">{\"@context\":\"https:\/\/schema.org\",\"@graph\":[{\"@type\":\"WebPage\",\"@id\":\"https:\/\/wptest.ateliermaiffret.com\/?product=carte-desprit-hergeenne\",\"url\":\"https:\/\/wptest.ateliermaiffret.com\/?product=carte-desprit-hergeenne\",\"name\":\"Carte d\u2019esprit herg\u00e9enne - Atelier Maiffret TEST\",\"isPartOf\":{\"@id\":\"https:\/\/wptest.ateliermaiffret.com\/#website\"},\"primaryImageOfPage\":{\"@id\":\"https:\/\/wptest.ateliermaiffret.com\/?product=carte-desprit-hergeenne#primaryimage\"},\"image\":{\"@id\":\"https:\/\/wptest.ateliermaiffret.com\/?product=carte-desprit-hergeenne#primaryimage\"},\"thumbnailUrl\":\"https:\/\/i0.wp.com\/wptest.ateliermaiffret.com\/wp-content\/uploads\/2024\/08\/OA90001_Bas-relief_Hergeen-1800L-1.jpg?fit=1426%2C1800&ssl=1\",\"datePublished\":\"2024-08-13T16:53:22+00:00\",\"dateModified\":\"2024-08-14T16:44:09+00:00\",\"description\":\"Bois, cartons, papiers, pl\u00e2tre, acrylique, tiges de fer, 1990. 50 x 65 cm\",\"breadcrumb\":{\"@id\":\"https:\/\/wptest.ateliermaiffret.com\/?product=carte-desprit-hergeenne#breadcrumb\"},\"inLanguage\":\"fr-FR\",\"potentialAction\":[{\"@type\":\"ReadAction\",\"target\":[\"https:\/\/wptest.ateliermaiffret.com\/?product=carte-desprit-hergeenne\"]}]},{\"@type\":\"ImageObject\",\"inLanguage\":\"fr-FR\",\"@id\":\"https:\/\/wptest.ateliermaiffret.com\/?product=carte-desprit-hergeenne#primaryimage\",\"url\":\"https:\/\/i0.wp.com\/wptest.ateliermaiffret.com\/wp-content\/uploads\/2024\/08\/OA90001_Bas-relief_Hergeen-1800L-1.jpg?fit=1426%2C1800&ssl=1\",\"contentUrl\":\"https:\/\/i0.wp.com\/wptest.ateliermaiffret.com\/wp-content\/uploads\/2024\/08\/OA90001_Bas-relief_Hergeen-1800L-1.jpg?fit=1426%2C1800&ssl=1\",\"width\":1426,\"height\":1800},{\"@type\":\"BreadcrumbList\",\"@id\":\"https:\/\/wptest.ateliermaiffret.com\/?product=carte-desprit-hergeenne#breadcrumb\",\"itemListElement\":[{\"@type\":\"ListItem\",\"position\":1,\"name\":\"Accueil\",\"item\":\"https:\/\/wptest.ateliermaiffret.com\/\"},{\"@type\":\"ListItem\",\"position\":2,\"name\":\"Produits\",\"item\":\"https:\/\/wptest.ateliermaiffret.com\/?post_type=product\"},{\"@type\":\"ListItem\",\"position\":3,\"name\":\"Carte d\u2019esprit herg\u00e9enne\"}]},{\"@type\":\"WebSite\",\"@id\":\"https:\/\/wptest.ateliermaiffret.com\/#website\",\"url\":\"https:\/\/wptest.ateliermaiffret.com\/\",\"name\":\"Atelier Maiffret TEST\",\"description\":\"Dessins, peintures et objets\",\"potentialAction\":[{\"@type\":\"SearchAction\",\"target\":{\"@type\":\"EntryPoint\",\"urlTemplate\":\"https:\/\/wptest.ateliermaiffret.com\/?s={search_term_string}\"},\"query-input\":{\"@type\":\"PropertyValueSpecification\",\"valueRequired\":true,\"valueName\":\"search_term_string\"}}],\"inLanguage\":\"fr-FR\"}]}<\/script>\n<!-- \/ Yoast SEO plugin. -->","yoast_head_json":{"title":"Carte d\u2019esprit herg\u00e9enne - Atelier Maiffret TEST","description":"Bois, cartons, papiers, pl\u00e2tre, acrylique, tiges de fer, 1990. 50 x 65 cm","robots":{"index":"noindex","follow":"follow","max-snippet":"max-snippet:-1","max-image-preview":"max-image-preview:large","max-video-preview":"max-video-preview:-1"},"og_locale":"fr_FR","og_type":"article","og_title":"Carte d\u2019esprit herg\u00e9enne - Atelier Maiffret TEST","og_description":"Bois, cartons, papiers, pl\u00e2tre, acrylique, tiges de fer, 1990. 50 x 65 cm","og_url":"https:\/\/wptest.ateliermaiffret.com\/?product=carte-desprit-hergeenne","og_site_name":"Atelier Maiffret TEST","article_modified_time":"2024-08-14T16:44:09+00:00","og_image":[{"width":1426,"height":1800,"url":"https:\/\/wptest.ateliermaiffret.com\/wp-content\/uploads\/2024\/08\/OA90001_Bas-relief_Hergeen-1800L-1.jpg","type":"image\/jpeg"}],"twitter_card":"summary_large_image","twitter_misc":{"Dur\u00e9e de lecture estim\u00e9e":"1 minute"},"schema":{"@context":"https:\/\/schema.org","@graph":[{"@type":"WebPage","@id":"https:\/\/wptest.ateliermaiffret.com\/?product=carte-desprit-hergeenne","url":"https:\/\/wptest.ateliermaiffret.com\/?product=carte-desprit-hergeenne","name":"Carte d\u2019esprit herg\u00e9enne - Atelier Maiffret TEST","isPartOf":{"@id":"https:\/\/wptest.ateliermaiffret.com\/#website"},"primaryImageOfPage":{"@id":"https:\/\/wptest.ateliermaiffret.com\/?product=carte-desprit-hergeenne#primaryimage"},"image":{"@id":"https:\/\/wptest.ateliermaiffret.com\/?product=carte-desprit-hergeenne#primaryimage"},"thumbnailUrl":"https:\/\/i0.wp.com\/wptest.ateliermaiffret.com\/wp-content\/uploads\/2024\/08\/OA90001_Bas-relief_Hergeen-1800L-1.jpg?fit=1426%2C1800&ssl=1","datePublished":"2024-08-13T16:53:22+00:00","dateModified":"2024-08-14T16:44:09+00:00","description":"Bois, cartons, papiers, pl\u00e2tre, acrylique, tiges de fer, 1990. 50 x 65 cm","breadcrumb":{"@id":"https:\/\/wptest.ateliermaiffret.com\/?product=carte-desprit-hergeenne#breadcrumb"},"inLanguage":"fr-FR","potentialAction":[{"@type":"ReadAction","target":["https:\/\/wptest.ateliermaiffret.com\/?product=carte-desprit-hergeenne"]}]},{"@type":"ImageObject","inLanguage":"fr-FR","@id":"https:\/\/wptest.ateliermaiffret.com\/?product=carte-desprit-hergeenne#primaryimage","url":"https:\/\/i0.wp.com\/wptest.ateliermaiffret.com\/wp-content\/uploads\/2024\/08\/OA90001_Bas-relief_Hergeen-1800L-1.jpg?fit=1426%2C1800&ssl=1","contentUrl":"https:\/\/i0.wp.com\/wptest.ateliermaiffret.com\/wp-content\/uploads\/2024\/08\/OA90001_Bas-relief_Hergeen-1800L-1.jpg?fit=1426%2C1800&ssl=1","width":1426,"height":1800},{"@type":"BreadcrumbList","@id":"https:\/\/wptest.ateliermaiffret.com\/?product=carte-desprit-hergeenne#breadcrumb","itemListElement":[{"@type":"ListItem","position":1,"name":"Accueil","item":"https:\/\/wptest.ateliermaiffret.com\/"},{"@type":"ListItem","position":2,"name":"Produits","item":"https:\/\/wptest.ateliermaiffret.com\/?post_type=product"},{"@type":"ListItem","position":3,"name":"Carte d\u2019esprit herg\u00e9enne"}]},{"@type":"WebSite","@id":"https:\/\/wptest.ateliermaiffret.com\/#website","url":"https:\/\/wptest.ateliermaiffret.com\/","name":"Atelier Maiffret TEST","description":"Dessins, peintures et objets","potentialAction":[{"@type":"SearchAction","target":{"@type":"EntryPoint","urlTemplate":"https:\/\/wptest.ateliermaiffret.com\/?s={search_term_string}"},"query-input":{"@type":"PropertyValueSpecification","valueRequired":true,"valueName":"search_term_string"}}],"inLanguage":"fr-FR"}]}},"jetpack_sharing_enabled":true,"_links":{"self":[{"href":"https:\/\/wptest.ateliermaiffret.com\/index.php?rest_route=\/wp\/v2\/product\/517","targetHints":{"allow":["GET"]}}],"collection":[{"href":"https:\/\/wptest.ateliermaiffret.com\/index.php?rest_route=\/wp\/v2\/product"}],"about":[{"href":"https:\/\/wptest.ateliermaiffret.com\/index.php?rest_route=\/wp\/v2\/types\/product"}],"replies":[{"embeddable":true,"href":"https:\/\/wptest.ateliermaiffret.com\/index.php?rest_route=%2Fwp%2Fv2%2Fcomments&post=517"}],"wp:featuredmedia":[{"embeddable":true,"href":"https:\/\/wptest.ateliermaiffret.com\/index.php?rest_route=\/wp\/v2\/media\/368"}],"wp:attachment":[{"href":"https:\/\/wptest.ateliermaiffret.com\/index.php?rest_route=%2Fwp%2Fv2%2Fmedia&parent=517"}],"wp:term":[{"taxonomy":"product_cat","embeddable":true,"href":"https:\/\/wptest.ateliermaiffret.com\/index.php?rest_route=%2Fwp%2Fv2%2Fproduct_cat&post=517"},{"taxonomy":"product_tag","embeddable":true,"href":"https:\/\/wptest.ateliermaiffret.com\/index.php?rest_route=%2Fwp%2Fv2%2Fproduct_tag&post=517"}],"curies":[{"name":"wp","href":"https:\/\/api.w.org\/{rel}","templated":true}]}}