{"id":521,"date":"2024-08-13T18:53:22","date_gmt":"2024-08-13T16:53:22","guid":{"rendered":"https:\/\/wptest.ateliermaiffret.com\/?post_type=product&#038;p=521"},"modified":"2024-09-16T13:34:36","modified_gmt":"2024-09-16T11:34:36","slug":"chateau-fort","status":"publish","type":"product","link":"https:\/\/wptest.ateliermaiffret.com\/?product=chateau-fort","title":{"rendered":"Ch\u00e2teau fort"},"content":{"rendered":"","protected":false},"excerpt":{"rendered":"<p class=\"p1\"><strong>Carton, papier kraft, bois, 2023<\/strong><br \/>\n<strong>66 x 66 x 80 cm<\/strong><\/p>\n<hr \/>\n<p class=\"p1\">Ch\u00e2teau sur socle bois r\u00e9alis\u00e9 en carton et kraft gomm\u00e9<\/p>\n<p class=\"p1\">Fabriquer un ch\u00e2teau-fort en carton est une d\u00e9marche relativement classique voir banale, pourrait-on se dire. N\u00e9anmoins, je trouve cet objet tellement important, notamment dans le contexte soci\u00e9tal soucieux des enjeux climatiques et environnementaux que vous connaissez.<br \/>\nCette maquette a \u00e9t\u00e9 enti\u00e8rement r\u00e9alis\u00e9e \u00e0 l\u2019aide d\u2019emballage en carton, de baguettes de bois, de colle et de papier kraft, le tout reposant sur une simple planche de bois, elle-m\u00eame recycl\u00e9e.<\/p>\n<p class=\"p1\">Avec ce projet, je souhaitais montrer que l\u2019on peut cr\u00e9er \u00e0 partir de mat\u00e9riaux des plus modestes.<br \/>\nCette construction certes imparfaite, il y a plein de petits d\u00e9fauts et c\u2019est pour moi ce qui lui donne sa valeur\u00a0: sa mati\u00e8re et sa texture.<\/p>\n<p class=\"p1\">A l\u2019heure de l\u2019impression num\u00e9rique, de l\u2019industrialisation de masse des jeux pour enfants, les jouets et objets ludiques qui leurs sont destin\u00e9s sont exclusivement pr\u00e9sent\u00e9s de mani\u00e8re \u00ab\u2009parfaite\u2009\u00bb en plastique inject\u00e9 : tout s\u2019embo\u00eete, les couleurs sont vives, les emplacements sont pr\u00e9visibles et facilement rep\u00e9rables. Il y a peu de place pour l\u2019imagination, c\u2019est uniquement destin\u00e9 \u00e0 l\u2019usage.<\/p>\n<p class=\"p1\">Les enfants disposent de jouets \u00ab\u2009termin\u00e9s\u2009\u00bb, qui leur sont inspir\u00e9s par les publicit\u00e9s et la photo de la bo\u00eete. C\u2019est dommage car le vrai jeu, le jeu d\u2019esprit aurait \u00e9t\u00e9 de r\u00eaver, de projeter et de construire le jouet. Une personne plus \u00e2g\u00e9e aurait pu aider un enfant \u00e0 b\u00e2tir un jouet qui lui soit propre. La perception du jouet aurait \u00e9t\u00e9 diff\u00e9rente car il aurait particip\u00e9 \u00e0 sa r\u00e9alisation. Cela aurait ouvert dans son esprit un champ des possibles que les jouets industrialis\u00e9s remplacent par une qu\u00eate de conformit\u00e9, un acte d\u2019achat, une stimulation de l\u2019esprit d\u2019acquisition et de collection.<\/p>\n<p class=\"p1\">J\u2019aimerais que ce petit ch\u00e2teau vous donne l\u2019envie de construire, de r\u00e9aliser un objet qui ne nous est pas impos\u00e9, <span class=\"s1\">et de consid\u00e9rer ses d\u00e9fauts comme sa principale qualit\u00e9.<\/span><\/p>\n<hr \/>\n<p>&nbsp;<\/p>\n","protected":false},"featured_media":379,"comment_status":"open","ping_status":"closed","template":"","meta":{"_et_pb_use_builder":"","_et_pb_old_content":"","_et_gb_content_width":""},"product_cat":[63,52,53,51],"product_tag":[34],"class_list":{"0":"post-521","1":"product","2":"type-product","3":"status-publish","4":"has-post-thumbnail","6":"product_cat-en-vente","7":"product_cat-objets","8":"product_cat-paris","9":"product_cat-volumes","10":"product_tag-en-vente","12":"first","13":"instock","14":"taxable","15":"shipping-taxable","16":"purchasable","17":"product-type-simple"},"yoast_head":"<!-- This site is optimized with the Yoast SEO plugin v23.4 - https:\/\/yoast.com\/wordpress\/plugins\/seo\/ -->\n<title>Ch\u00e2teau fort - Atelier Maiffret TEST<\/title>\n<meta name=\"description\" content=\"Carton, papier kraft, bois, 2023. 66 x 66 x 80 cm\" \/>\n<meta name=\"robots\" content=\"noindex, follow, max-snippet:-1, max-image-preview:large, max-video-preview:-1\" \/>\n<meta property=\"og:locale\" content=\"fr_FR\" \/>\n<meta property=\"og:type\" content=\"article\" \/>\n<meta property=\"og:title\" content=\"Ch\u00e2teau fort - Atelier Maiffret TEST\" \/>\n<meta property=\"og:description\" content=\"Carton, papier kraft, bois, 2023. 66 x 66 x 80 cm\" \/>\n<meta property=\"og:url\" content=\"https:\/\/wptest.ateliermaiffret.com\/?product=chateau-fort\" \/>\n<meta property=\"og:site_name\" content=\"Atelier Maiffret TEST\" \/>\n<meta property=\"article:modified_time\" content=\"2024-09-16T11:34:36+00:00\" \/>\n<meta property=\"og:image\" content=\"https:\/\/wptest.ateliermaiffret.com\/wp-content\/uploads\/2024\/08\/OA23007_Chateau-fort01-1800L-1.jpg\" \/>\n\t<meta property=\"og:image:width\" content=\"1202\" \/>\n\t<meta property=\"og:image:height\" content=\"1800\" \/>\n\t<meta property=\"og:image:type\" content=\"image\/jpeg\" \/>\n<meta name=\"twitter:card\" content=\"summary_large_image\" \/>\n<meta name=\"twitter:label1\" content=\"Dur\u00e9e de lecture estim\u00e9e\" \/>\n\t<meta name=\"twitter:data1\" content=\"1 minute\" \/>\n<script type=\"application\/ld+json\" class=\"yoast-schema-graph\">{\"@context\":\"https:\/\/schema.org\",\"@graph\":[{\"@type\":\"WebPage\",\"@id\":\"https:\/\/wptest.ateliermaiffret.com\/?product=chateau-fort\",\"url\":\"https:\/\/wptest.ateliermaiffret.com\/?product=chateau-fort\",\"name\":\"Ch\u00e2teau fort - Atelier Maiffret TEST\",\"isPartOf\":{\"@id\":\"https:\/\/wptest.ateliermaiffret.com\/#website\"},\"primaryImageOfPage\":{\"@id\":\"https:\/\/wptest.ateliermaiffret.com\/?product=chateau-fort#primaryimage\"},\"image\":{\"@id\":\"https:\/\/wptest.ateliermaiffret.com\/?product=chateau-fort#primaryimage\"},\"thumbnailUrl\":\"https:\/\/i0.wp.com\/wptest.ateliermaiffret.com\/wp-content\/uploads\/2024\/08\/OA23007_Chateau-fort01-1800L-1.jpg?fit=1202%2C1800&ssl=1\",\"datePublished\":\"2024-08-13T16:53:22+00:00\",\"dateModified\":\"2024-09-16T11:34:36+00:00\",\"description\":\"Carton, papier kraft, bois, 2023. 66 x 66 x 80 cm\",\"breadcrumb\":{\"@id\":\"https:\/\/wptest.ateliermaiffret.com\/?product=chateau-fort#breadcrumb\"},\"inLanguage\":\"fr-FR\",\"potentialAction\":[{\"@type\":\"ReadAction\",\"target\":[\"https:\/\/wptest.ateliermaiffret.com\/?product=chateau-fort\"]}]},{\"@type\":\"ImageObject\",\"inLanguage\":\"fr-FR\",\"@id\":\"https:\/\/wptest.ateliermaiffret.com\/?product=chateau-fort#primaryimage\",\"url\":\"https:\/\/i0.wp.com\/wptest.ateliermaiffret.com\/wp-content\/uploads\/2024\/08\/OA23007_Chateau-fort01-1800L-1.jpg?fit=1202%2C1800&ssl=1\",\"contentUrl\":\"https:\/\/i0.wp.com\/wptest.ateliermaiffret.com\/wp-content\/uploads\/2024\/08\/OA23007_Chateau-fort01-1800L-1.jpg?fit=1202%2C1800&ssl=1\",\"width\":1202,\"height\":1800},{\"@type\":\"BreadcrumbList\",\"@id\":\"https:\/\/wptest.ateliermaiffret.com\/?product=chateau-fort#breadcrumb\",\"itemListElement\":[{\"@type\":\"ListItem\",\"position\":1,\"name\":\"Accueil\",\"item\":\"https:\/\/wptest.ateliermaiffret.com\/\"},{\"@type\":\"ListItem\",\"position\":2,\"name\":\"Produits\",\"item\":\"https:\/\/wptest.ateliermaiffret.com\/?post_type=product\"},{\"@type\":\"ListItem\",\"position\":3,\"name\":\"Ch\u00e2teau fort\"}]},{\"@type\":\"WebSite\",\"@id\":\"https:\/\/wptest.ateliermaiffret.com\/#website\",\"url\":\"https:\/\/wptest.ateliermaiffret.com\/\",\"name\":\"Atelier Maiffret TEST\",\"description\":\"Dessins, peintures et objets\",\"potentialAction\":[{\"@type\":\"SearchAction\",\"target\":{\"@type\":\"EntryPoint\",\"urlTemplate\":\"https:\/\/wptest.ateliermaiffret.com\/?s={search_term_string}\"},\"query-input\":{\"@type\":\"PropertyValueSpecification\",\"valueRequired\":true,\"valueName\":\"search_term_string\"}}],\"inLanguage\":\"fr-FR\"}]}<\/script>\n<!-- \/ Yoast SEO plugin. -->","yoast_head_json":{"title":"Ch\u00e2teau fort - Atelier Maiffret TEST","description":"Carton, papier kraft, bois, 2023. 66 x 66 x 80 cm","robots":{"index":"noindex","follow":"follow","max-snippet":"max-snippet:-1","max-image-preview":"max-image-preview:large","max-video-preview":"max-video-preview:-1"},"og_locale":"fr_FR","og_type":"article","og_title":"Ch\u00e2teau fort - Atelier Maiffret TEST","og_description":"Carton, papier kraft, bois, 2023. 66 x 66 x 80 cm","og_url":"https:\/\/wptest.ateliermaiffret.com\/?product=chateau-fort","og_site_name":"Atelier Maiffret TEST","article_modified_time":"2024-09-16T11:34:36+00:00","og_image":[{"width":1202,"height":1800,"url":"https:\/\/wptest.ateliermaiffret.com\/wp-content\/uploads\/2024\/08\/OA23007_Chateau-fort01-1800L-1.jpg","type":"image\/jpeg"}],"twitter_card":"summary_large_image","twitter_misc":{"Dur\u00e9e de lecture estim\u00e9e":"1 minute"},"schema":{"@context":"https:\/\/schema.org","@graph":[{"@type":"WebPage","@id":"https:\/\/wptest.ateliermaiffret.com\/?product=chateau-fort","url":"https:\/\/wptest.ateliermaiffret.com\/?product=chateau-fort","name":"Ch\u00e2teau fort - Atelier Maiffret TEST","isPartOf":{"@id":"https:\/\/wptest.ateliermaiffret.com\/#website"},"primaryImageOfPage":{"@id":"https:\/\/wptest.ateliermaiffret.com\/?product=chateau-fort#primaryimage"},"image":{"@id":"https:\/\/wptest.ateliermaiffret.com\/?product=chateau-fort#primaryimage"},"thumbnailUrl":"https:\/\/i0.wp.com\/wptest.ateliermaiffret.com\/wp-content\/uploads\/2024\/08\/OA23007_Chateau-fort01-1800L-1.jpg?fit=1202%2C1800&ssl=1","datePublished":"2024-08-13T16:53:22+00:00","dateModified":"2024-09-16T11:34:36+00:00","description":"Carton, papier kraft, bois, 2023. 66 x 66 x 80 cm","breadcrumb":{"@id":"https:\/\/wptest.ateliermaiffret.com\/?product=chateau-fort#breadcrumb"},"inLanguage":"fr-FR","potentialAction":[{"@type":"ReadAction","target":["https:\/\/wptest.ateliermaiffret.com\/?product=chateau-fort"]}]},{"@type":"ImageObject","inLanguage":"fr-FR","@id":"https:\/\/wptest.ateliermaiffret.com\/?product=chateau-fort#primaryimage","url":"https:\/\/i0.wp.com\/wptest.ateliermaiffret.com\/wp-content\/uploads\/2024\/08\/OA23007_Chateau-fort01-1800L-1.jpg?fit=1202%2C1800&ssl=1","contentUrl":"https:\/\/i0.wp.com\/wptest.ateliermaiffret.com\/wp-content\/uploads\/2024\/08\/OA23007_Chateau-fort01-1800L-1.jpg?fit=1202%2C1800&ssl=1","width":1202,"height":1800},{"@type":"BreadcrumbList","@id":"https:\/\/wptest.ateliermaiffret.com\/?product=chateau-fort#breadcrumb","itemListElement":[{"@type":"ListItem","position":1,"name":"Accueil","item":"https:\/\/wptest.ateliermaiffret.com\/"},{"@type":"ListItem","position":2,"name":"Produits","item":"https:\/\/wptest.ateliermaiffret.com\/?post_type=product"},{"@type":"ListItem","position":3,"name":"Ch\u00e2teau fort"}]},{"@type":"WebSite","@id":"https:\/\/wptest.ateliermaiffret.com\/#website","url":"https:\/\/wptest.ateliermaiffret.com\/","name":"Atelier Maiffret TEST","description":"Dessins, peintures et objets","potentialAction":[{"@type":"SearchAction","target":{"@type":"EntryPoint","urlTemplate":"https:\/\/wptest.ateliermaiffret.com\/?s={search_term_string}"},"query-input":{"@type":"PropertyValueSpecification","valueRequired":true,"valueName":"search_term_string"}}],"inLanguage":"fr-FR"}]}},"jetpack_sharing_enabled":true,"_links":{"self":[{"href":"https:\/\/wptest.ateliermaiffret.com\/index.php?rest_route=\/wp\/v2\/product\/521","targetHints":{"allow":["GET"]}}],"collection":[{"href":"https:\/\/wptest.ateliermaiffret.com\/index.php?rest_route=\/wp\/v2\/product"}],"about":[{"href":"https:\/\/wptest.ateliermaiffret.com\/index.php?rest_route=\/wp\/v2\/types\/product"}],"replies":[{"embeddable":true,"href":"https:\/\/wptest.ateliermaiffret.com\/index.php?rest_route=%2Fwp%2Fv2%2Fcomments&post=521"}],"wp:featuredmedia":[{"embeddable":true,"href":"https:\/\/wptest.ateliermaiffret.com\/index.php?rest_route=\/wp\/v2\/media\/379"}],"wp:attachment":[{"href":"https:\/\/wptest.ateliermaiffret.com\/index.php?rest_route=%2Fwp%2Fv2%2Fmedia&parent=521"}],"wp:term":[{"taxonomy":"product_cat","embeddable":true,"href":"https:\/\/wptest.ateliermaiffret.com\/index.php?rest_route=%2Fwp%2Fv2%2Fproduct_cat&post=521"},{"taxonomy":"product_tag","embeddable":true,"href":"https:\/\/wptest.ateliermaiffret.com\/index.php?rest_route=%2Fwp%2Fv2%2Fproduct_tag&post=521"}],"curies":[{"name":"wp","href":"https:\/\/api.w.org\/{rel}","templated":true}]}}