{"id":556,"date":"2024-08-13T18:53:37","date_gmt":"2024-08-13T16:53:37","guid":{"rendered":"https:\/\/wptest.ateliermaiffret.com\/?post_type=product&#038;p=556"},"modified":"2024-09-16T13:31:19","modified_gmt":"2024-09-16T11:31:19","slug":"place-de-la-mairie-la-charite-sur-loire","status":"publish","type":"product","link":"https:\/\/wptest.ateliermaiffret.com\/?product=place-de-la-mairie-la-charite-sur-loire","title":{"rendered":"Place de la Mairie La Charit\u00e9-sur-Loire"},"content":{"rendered":"","protected":false},"excerpt":{"rendered":"<p class=\"p1\"><strong>Crayon Cont\u00e9 Paris, papier kraft, gouache, 2022<br \/>\n39 x 29 cm<\/strong><\/p>\n<hr \/>\n<p class=\"p1\"><span class=\"s1\">La Charit\u00e9-sur-Loire dans la Ni\u00e8vre<br \/>\ndessin\u00e9e \u00e0 proximit\u00e9 de la Mairie<br \/>\n(Bourgogne)<\/span><\/p>\n<p class=\"p1\"><span class=\"s1\">Vendu encadr\u00e9, bois clair, passe-partout blanc<br \/>\n53 x 43 cm<\/span><\/p>\n<hr \/>\n<p>&nbsp;<\/p>\n","protected":false},"featured_media":445,"comment_status":"open","ping_status":"closed","template":"","meta":{"_et_pb_use_builder":"","_et_pb_old_content":"","_et_gb_content_width":""},"product_cat":[50,38,63,40],"product_tag":[34],"class_list":{"0":"post-556","1":"product","2":"type-product","3":"status-publish","4":"has-post-thumbnail","6":"product_cat-bourgogne","7":"product_cat-crayon-graphite","8":"product_cat-en-vente","9":"product_cat-support-kraft","10":"product_tag-en-vente","12":"first","13":"instock","14":"taxable","15":"shipping-taxable","16":"purchasable","17":"product-type-simple"},"yoast_head":"<!-- This site is optimized with the Yoast SEO plugin v23.4 - https:\/\/yoast.com\/wordpress\/plugins\/seo\/ -->\n<title>Place de la Mairie La Charit\u00e9-sur-Loire - Atelier Maiffret TEST<\/title>\n<meta name=\"description\" content=\"Crayon Cont\u00e9 Paris, papier kraft, gouache, 2022. 39 x 29 cm\" \/>\n<meta name=\"robots\" content=\"noindex, follow, max-snippet:-1, max-image-preview:large, max-video-preview:-1\" \/>\n<meta property=\"og:locale\" content=\"fr_FR\" \/>\n<meta property=\"og:type\" content=\"article\" \/>\n<meta property=\"og:title\" content=\"Place de la Mairie La Charit\u00e9-sur-Loire - Atelier Maiffret TEST\" \/>\n<meta property=\"og:description\" content=\"Crayon Cont\u00e9 Paris, papier kraft, gouache, 2022. 39 x 29 cm\" \/>\n<meta property=\"og:url\" content=\"https:\/\/wptest.ateliermaiffret.com\/?product=place-de-la-mairie-la-charite-sur-loire\" \/>\n<meta property=\"og:site_name\" content=\"Atelier Maiffret TEST\" \/>\n<meta property=\"article:modified_time\" content=\"2024-09-16T11:31:19+00:00\" \/>\n<meta property=\"og:image\" content=\"https:\/\/wptest.ateliermaiffret.com\/wp-content\/uploads\/2024\/08\/DA22010_Place_de_la_Mairie-1800L-2.jpg\" \/>\n\t<meta property=\"og:image:width\" content=\"1800\" \/>\n\t<meta property=\"og:image:height\" content=\"1229\" \/>\n\t<meta property=\"og:image:type\" content=\"image\/jpeg\" \/>\n<meta name=\"twitter:card\" content=\"summary_large_image\" \/>\n<meta name=\"twitter:label1\" content=\"Dur\u00e9e de lecture estim\u00e9e\" \/>\n\t<meta name=\"twitter:data1\" content=\"1 minute\" \/>\n<script type=\"application\/ld+json\" class=\"yoast-schema-graph\">{\"@context\":\"https:\/\/schema.org\",\"@graph\":[{\"@type\":\"WebPage\",\"@id\":\"https:\/\/wptest.ateliermaiffret.com\/?product=place-de-la-mairie-la-charite-sur-loire\",\"url\":\"https:\/\/wptest.ateliermaiffret.com\/?product=place-de-la-mairie-la-charite-sur-loire\",\"name\":\"Place de la Mairie La Charit\u00e9-sur-Loire - Atelier Maiffret TEST\",\"isPartOf\":{\"@id\":\"https:\/\/wptest.ateliermaiffret.com\/#website\"},\"primaryImageOfPage\":{\"@id\":\"https:\/\/wptest.ateliermaiffret.com\/?product=place-de-la-mairie-la-charite-sur-loire#primaryimage\"},\"image\":{\"@id\":\"https:\/\/wptest.ateliermaiffret.com\/?product=place-de-la-mairie-la-charite-sur-loire#primaryimage\"},\"thumbnailUrl\":\"https:\/\/i0.wp.com\/wptest.ateliermaiffret.com\/wp-content\/uploads\/2024\/08\/DA22010_Place_de_la_Mairie-1800L-2.jpg?fit=1800%2C1229&ssl=1\",\"datePublished\":\"2024-08-13T16:53:37+00:00\",\"dateModified\":\"2024-09-16T11:31:19+00:00\",\"description\":\"Crayon Cont\u00e9 Paris, papier kraft, gouache, 2022. 39 x 29 cm\",\"breadcrumb\":{\"@id\":\"https:\/\/wptest.ateliermaiffret.com\/?product=place-de-la-mairie-la-charite-sur-loire#breadcrumb\"},\"inLanguage\":\"fr-FR\",\"potentialAction\":[{\"@type\":\"ReadAction\",\"target\":[\"https:\/\/wptest.ateliermaiffret.com\/?product=place-de-la-mairie-la-charite-sur-loire\"]}]},{\"@type\":\"ImageObject\",\"inLanguage\":\"fr-FR\",\"@id\":\"https:\/\/wptest.ateliermaiffret.com\/?product=place-de-la-mairie-la-charite-sur-loire#primaryimage\",\"url\":\"https:\/\/i0.wp.com\/wptest.ateliermaiffret.com\/wp-content\/uploads\/2024\/08\/DA22010_Place_de_la_Mairie-1800L-2.jpg?fit=1800%2C1229&ssl=1\",\"contentUrl\":\"https:\/\/i0.wp.com\/wptest.ateliermaiffret.com\/wp-content\/uploads\/2024\/08\/DA22010_Place_de_la_Mairie-1800L-2.jpg?fit=1800%2C1229&ssl=1\",\"width\":1800,\"height\":1229},{\"@type\":\"BreadcrumbList\",\"@id\":\"https:\/\/wptest.ateliermaiffret.com\/?product=place-de-la-mairie-la-charite-sur-loire#breadcrumb\",\"itemListElement\":[{\"@type\":\"ListItem\",\"position\":1,\"name\":\"Accueil\",\"item\":\"https:\/\/wptest.ateliermaiffret.com\/\"},{\"@type\":\"ListItem\",\"position\":2,\"name\":\"Produits\",\"item\":\"https:\/\/wptest.ateliermaiffret.com\/?post_type=product\"},{\"@type\":\"ListItem\",\"position\":3,\"name\":\"Place de la Mairie La Charit\u00e9-sur-Loire\"}]},{\"@type\":\"WebSite\",\"@id\":\"https:\/\/wptest.ateliermaiffret.com\/#website\",\"url\":\"https:\/\/wptest.ateliermaiffret.com\/\",\"name\":\"Atelier Maiffret TEST\",\"description\":\"Dessins, peintures et objets\",\"potentialAction\":[{\"@type\":\"SearchAction\",\"target\":{\"@type\":\"EntryPoint\",\"urlTemplate\":\"https:\/\/wptest.ateliermaiffret.com\/?s={search_term_string}\"},\"query-input\":{\"@type\":\"PropertyValueSpecification\",\"valueRequired\":true,\"valueName\":\"search_term_string\"}}],\"inLanguage\":\"fr-FR\"}]}<\/script>\n<!-- \/ Yoast SEO plugin. -->","yoast_head_json":{"title":"Place de la Mairie La Charit\u00e9-sur-Loire - Atelier Maiffret TEST","description":"Crayon Cont\u00e9 Paris, papier kraft, gouache, 2022. 39 x 29 cm","robots":{"index":"noindex","follow":"follow","max-snippet":"max-snippet:-1","max-image-preview":"max-image-preview:large","max-video-preview":"max-video-preview:-1"},"og_locale":"fr_FR","og_type":"article","og_title":"Place de la Mairie La Charit\u00e9-sur-Loire - Atelier Maiffret TEST","og_description":"Crayon Cont\u00e9 Paris, papier kraft, gouache, 2022. 39 x 29 cm","og_url":"https:\/\/wptest.ateliermaiffret.com\/?product=place-de-la-mairie-la-charite-sur-loire","og_site_name":"Atelier Maiffret TEST","article_modified_time":"2024-09-16T11:31:19+00:00","og_image":[{"width":1800,"height":1229,"url":"https:\/\/wptest.ateliermaiffret.com\/wp-content\/uploads\/2024\/08\/DA22010_Place_de_la_Mairie-1800L-2.jpg","type":"image\/jpeg"}],"twitter_card":"summary_large_image","twitter_misc":{"Dur\u00e9e de lecture estim\u00e9e":"1 minute"},"schema":{"@context":"https:\/\/schema.org","@graph":[{"@type":"WebPage","@id":"https:\/\/wptest.ateliermaiffret.com\/?product=place-de-la-mairie-la-charite-sur-loire","url":"https:\/\/wptest.ateliermaiffret.com\/?product=place-de-la-mairie-la-charite-sur-loire","name":"Place de la Mairie La Charit\u00e9-sur-Loire - Atelier Maiffret TEST","isPartOf":{"@id":"https:\/\/wptest.ateliermaiffret.com\/#website"},"primaryImageOfPage":{"@id":"https:\/\/wptest.ateliermaiffret.com\/?product=place-de-la-mairie-la-charite-sur-loire#primaryimage"},"image":{"@id":"https:\/\/wptest.ateliermaiffret.com\/?product=place-de-la-mairie-la-charite-sur-loire#primaryimage"},"thumbnailUrl":"https:\/\/i0.wp.com\/wptest.ateliermaiffret.com\/wp-content\/uploads\/2024\/08\/DA22010_Place_de_la_Mairie-1800L-2.jpg?fit=1800%2C1229&ssl=1","datePublished":"2024-08-13T16:53:37+00:00","dateModified":"2024-09-16T11:31:19+00:00","description":"Crayon Cont\u00e9 Paris, papier kraft, gouache, 2022. 39 x 29 cm","breadcrumb":{"@id":"https:\/\/wptest.ateliermaiffret.com\/?product=place-de-la-mairie-la-charite-sur-loire#breadcrumb"},"inLanguage":"fr-FR","potentialAction":[{"@type":"ReadAction","target":["https:\/\/wptest.ateliermaiffret.com\/?product=place-de-la-mairie-la-charite-sur-loire"]}]},{"@type":"ImageObject","inLanguage":"fr-FR","@id":"https:\/\/wptest.ateliermaiffret.com\/?product=place-de-la-mairie-la-charite-sur-loire#primaryimage","url":"https:\/\/i0.wp.com\/wptest.ateliermaiffret.com\/wp-content\/uploads\/2024\/08\/DA22010_Place_de_la_Mairie-1800L-2.jpg?fit=1800%2C1229&ssl=1","contentUrl":"https:\/\/i0.wp.com\/wptest.ateliermaiffret.com\/wp-content\/uploads\/2024\/08\/DA22010_Place_de_la_Mairie-1800L-2.jpg?fit=1800%2C1229&ssl=1","width":1800,"height":1229},{"@type":"BreadcrumbList","@id":"https:\/\/wptest.ateliermaiffret.com\/?product=place-de-la-mairie-la-charite-sur-loire#breadcrumb","itemListElement":[{"@type":"ListItem","position":1,"name":"Accueil","item":"https:\/\/wptest.ateliermaiffret.com\/"},{"@type":"ListItem","position":2,"name":"Produits","item":"https:\/\/wptest.ateliermaiffret.com\/?post_type=product"},{"@type":"ListItem","position":3,"name":"Place de la Mairie La Charit\u00e9-sur-Loire"}]},{"@type":"WebSite","@id":"https:\/\/wptest.ateliermaiffret.com\/#website","url":"https:\/\/wptest.ateliermaiffret.com\/","name":"Atelier Maiffret TEST","description":"Dessins, peintures et objets","potentialAction":[{"@type":"SearchAction","target":{"@type":"EntryPoint","urlTemplate":"https:\/\/wptest.ateliermaiffret.com\/?s={search_term_string}"},"query-input":{"@type":"PropertyValueSpecification","valueRequired":true,"valueName":"search_term_string"}}],"inLanguage":"fr-FR"}]}},"jetpack_sharing_enabled":true,"_links":{"self":[{"href":"https:\/\/wptest.ateliermaiffret.com\/index.php?rest_route=\/wp\/v2\/product\/556","targetHints":{"allow":["GET"]}}],"collection":[{"href":"https:\/\/wptest.ateliermaiffret.com\/index.php?rest_route=\/wp\/v2\/product"}],"about":[{"href":"https:\/\/wptest.ateliermaiffret.com\/index.php?rest_route=\/wp\/v2\/types\/product"}],"replies":[{"embeddable":true,"href":"https:\/\/wptest.ateliermaiffret.com\/index.php?rest_route=%2Fwp%2Fv2%2Fcomments&post=556"}],"wp:featuredmedia":[{"embeddable":true,"href":"https:\/\/wptest.ateliermaiffret.com\/index.php?rest_route=\/wp\/v2\/media\/445"}],"wp:attachment":[{"href":"https:\/\/wptest.ateliermaiffret.com\/index.php?rest_route=%2Fwp%2Fv2%2Fmedia&parent=556"}],"wp:term":[{"taxonomy":"product_cat","embeddable":true,"href":"https:\/\/wptest.ateliermaiffret.com\/index.php?rest_route=%2Fwp%2Fv2%2Fproduct_cat&post=556"},{"taxonomy":"product_tag","embeddable":true,"href":"https:\/\/wptest.ateliermaiffret.com\/index.php?rest_route=%2Fwp%2Fv2%2Fproduct_tag&post=556"}],"curies":[{"name":"wp","href":"https:\/\/api.w.org\/{rel}","templated":true}]}}