{"id":580,"date":"2024-08-13T18:53:52","date_gmt":"2024-08-13T16:53:52","guid":{"rendered":"https:\/\/wptest.ateliermaiffret.com\/?post_type=product&#038;p=580"},"modified":"2024-09-16T13:30:31","modified_gmt":"2024-09-16T11:30:31","slug":"quais-de-la-gare-de-lyon-a-paris","status":"publish","type":"product","link":"https:\/\/wptest.ateliermaiffret.com\/?product=quais-de-la-gare-de-lyon-a-paris","title":{"rendered":"Quais de la gare de Lyon \u00e0 Paris"},"content":{"rendered":"","protected":false},"excerpt":{"rendered":"<p><strong>Crayon Pitt oil\u00a0 sur papier blanc \u00e0 grain fin. F\u00e9vrier 2024<\/strong><br \/>\n<strong>39 x 29 cm<\/strong><\/p>\n<hr \/>\n<p class=\"p1\"><span class=\"s1\">Dessin\u00e9 dans la gare<br \/>\n<\/span><\/p>\n<p class=\"p1\"><span class=\"s1\">Vendu encadr\u00e9, bois clair, passe-partout blanc<br \/>\n53 x 43 cm<\/span><\/p>\n<hr \/>\n<p>&nbsp;<\/p>\n","protected":false},"featured_media":477,"comment_status":"open","ping_status":"closed","template":"","meta":{"_et_pb_use_builder":"","_et_pb_old_content":"","_et_gb_content_width":""},"product_cat":[35,63,39,53,41],"product_tag":[34],"class_list":{"0":"post-580","1":"product","2":"type-product","3":"status-publish","4":"has-post-thumbnail","6":"product_cat-dessins","7":"product_cat-en-vente","8":"product_cat-fusain-pierre-noire","9":"product_cat-paris","10":"product_cat-support-papier","11":"product_tag-en-vente","13":"first","14":"instock","15":"sold-individually","16":"taxable","17":"shipping-taxable","18":"purchasable","19":"product-type-simple"},"yoast_head":"<!-- This site is optimized with the Yoast SEO plugin v23.4 - https:\/\/yoast.com\/wordpress\/plugins\/seo\/ -->\n<title>Quais de la gare de Lyon \u00e0 Paris - Atelier Maiffret TEST<\/title>\n<meta name=\"description\" content=\"Crayon Pitt oil\u00a0sur papier blanc \u00e0 grain fin. F\u00e9vrier 202439 x 29 cm. Dessin\u00e9 dans la gare. Vendu encadr\u00e9, bois clair, passe-partout blanc 53 x 43 cm.\" \/>\n<meta name=\"robots\" content=\"noindex, follow, max-snippet:-1, max-image-preview:large, max-video-preview:-1\" \/>\n<meta property=\"og:locale\" content=\"fr_FR\" \/>\n<meta property=\"og:type\" content=\"article\" \/>\n<meta property=\"og:title\" content=\"Quais de la gare de Lyon \u00e0 Paris - Atelier Maiffret TEST\" \/>\n<meta property=\"og:description\" content=\"Crayon Pitt oil\u00a0sur papier blanc \u00e0 grain fin. F\u00e9vrier 202439 x 29 cm. Dessin\u00e9 dans la gare. Vendu encadr\u00e9, bois clair, passe-partout blanc 53 x 43 cm.\" \/>\n<meta property=\"og:url\" content=\"https:\/\/wptest.ateliermaiffret.com\/?product=quais-de-la-gare-de-lyon-a-paris\" \/>\n<meta property=\"og:site_name\" content=\"Atelier Maiffret TEST\" \/>\n<meta property=\"article:modified_time\" content=\"2024-09-16T11:30:31+00:00\" \/>\n<meta property=\"og:image\" content=\"https:\/\/wptest.ateliermaiffret.com\/wp-content\/uploads\/2024\/08\/ATM24001_Quai_Gare_de_Lyon-1800L-2.jpg\" \/>\n\t<meta property=\"og:image:width\" content=\"1800\" \/>\n\t<meta property=\"og:image:height\" content=\"1292\" \/>\n\t<meta property=\"og:image:type\" content=\"image\/jpeg\" \/>\n<meta name=\"twitter:card\" content=\"summary_large_image\" \/>\n<meta name=\"twitter:label1\" content=\"Dur\u00e9e de lecture estim\u00e9e\" \/>\n\t<meta name=\"twitter:data1\" content=\"1 minute\" \/>\n<script type=\"application\/ld+json\" class=\"yoast-schema-graph\">{\"@context\":\"https:\/\/schema.org\",\"@graph\":[{\"@type\":\"WebPage\",\"@id\":\"https:\/\/wptest.ateliermaiffret.com\/?product=quais-de-la-gare-de-lyon-a-paris\",\"url\":\"https:\/\/wptest.ateliermaiffret.com\/?product=quais-de-la-gare-de-lyon-a-paris\",\"name\":\"Quais de la gare de Lyon \u00e0 Paris - Atelier Maiffret TEST\",\"isPartOf\":{\"@id\":\"https:\/\/wptest.ateliermaiffret.com\/#website\"},\"primaryImageOfPage\":{\"@id\":\"https:\/\/wptest.ateliermaiffret.com\/?product=quais-de-la-gare-de-lyon-a-paris#primaryimage\"},\"image\":{\"@id\":\"https:\/\/wptest.ateliermaiffret.com\/?product=quais-de-la-gare-de-lyon-a-paris#primaryimage\"},\"thumbnailUrl\":\"https:\/\/i0.wp.com\/wptest.ateliermaiffret.com\/wp-content\/uploads\/2024\/08\/ATM24001_Quai_Gare_de_Lyon-1800L-2.jpg?fit=1800%2C1292&ssl=1\",\"datePublished\":\"2024-08-13T16:53:52+00:00\",\"dateModified\":\"2024-09-16T11:30:31+00:00\",\"description\":\"Crayon Pitt oil\u00a0sur papier blanc \u00e0 grain fin. F\u00e9vrier 202439 x 29 cm. Dessin\u00e9 dans la gare. Vendu encadr\u00e9, bois clair, passe-partout blanc 53 x 43 cm.\",\"breadcrumb\":{\"@id\":\"https:\/\/wptest.ateliermaiffret.com\/?product=quais-de-la-gare-de-lyon-a-paris#breadcrumb\"},\"inLanguage\":\"fr-FR\",\"potentialAction\":[{\"@type\":\"ReadAction\",\"target\":[\"https:\/\/wptest.ateliermaiffret.com\/?product=quais-de-la-gare-de-lyon-a-paris\"]}]},{\"@type\":\"ImageObject\",\"inLanguage\":\"fr-FR\",\"@id\":\"https:\/\/wptest.ateliermaiffret.com\/?product=quais-de-la-gare-de-lyon-a-paris#primaryimage\",\"url\":\"https:\/\/i0.wp.com\/wptest.ateliermaiffret.com\/wp-content\/uploads\/2024\/08\/ATM24001_Quai_Gare_de_Lyon-1800L-2.jpg?fit=1800%2C1292&ssl=1\",\"contentUrl\":\"https:\/\/i0.wp.com\/wptest.ateliermaiffret.com\/wp-content\/uploads\/2024\/08\/ATM24001_Quai_Gare_de_Lyon-1800L-2.jpg?fit=1800%2C1292&ssl=1\",\"width\":1800,\"height\":1292},{\"@type\":\"BreadcrumbList\",\"@id\":\"https:\/\/wptest.ateliermaiffret.com\/?product=quais-de-la-gare-de-lyon-a-paris#breadcrumb\",\"itemListElement\":[{\"@type\":\"ListItem\",\"position\":1,\"name\":\"Accueil\",\"item\":\"https:\/\/wptest.ateliermaiffret.com\/\"},{\"@type\":\"ListItem\",\"position\":2,\"name\":\"Produits\",\"item\":\"https:\/\/wptest.ateliermaiffret.com\/?post_type=product\"},{\"@type\":\"ListItem\",\"position\":3,\"name\":\"Quais de la gare de Lyon \u00e0 Paris\"}]},{\"@type\":\"WebSite\",\"@id\":\"https:\/\/wptest.ateliermaiffret.com\/#website\",\"url\":\"https:\/\/wptest.ateliermaiffret.com\/\",\"name\":\"Atelier Maiffret TEST\",\"description\":\"Dessins, peintures et objets\",\"potentialAction\":[{\"@type\":\"SearchAction\",\"target\":{\"@type\":\"EntryPoint\",\"urlTemplate\":\"https:\/\/wptest.ateliermaiffret.com\/?s={search_term_string}\"},\"query-input\":{\"@type\":\"PropertyValueSpecification\",\"valueRequired\":true,\"valueName\":\"search_term_string\"}}],\"inLanguage\":\"fr-FR\"}]}<\/script>\n<!-- \/ Yoast SEO plugin. -->","yoast_head_json":{"title":"Quais de la gare de Lyon \u00e0 Paris - Atelier Maiffret TEST","description":"Crayon Pitt oil\u00a0sur papier blanc \u00e0 grain fin. F\u00e9vrier 202439 x 29 cm. Dessin\u00e9 dans la gare. Vendu encadr\u00e9, bois clair, passe-partout blanc 53 x 43 cm.","robots":{"index":"noindex","follow":"follow","max-snippet":"max-snippet:-1","max-image-preview":"max-image-preview:large","max-video-preview":"max-video-preview:-1"},"og_locale":"fr_FR","og_type":"article","og_title":"Quais de la gare de Lyon \u00e0 Paris - Atelier Maiffret TEST","og_description":"Crayon Pitt oil\u00a0sur papier blanc \u00e0 grain fin. F\u00e9vrier 202439 x 29 cm. Dessin\u00e9 dans la gare. Vendu encadr\u00e9, bois clair, passe-partout blanc 53 x 43 cm.","og_url":"https:\/\/wptest.ateliermaiffret.com\/?product=quais-de-la-gare-de-lyon-a-paris","og_site_name":"Atelier Maiffret TEST","article_modified_time":"2024-09-16T11:30:31+00:00","og_image":[{"width":1800,"height":1292,"url":"https:\/\/wptest.ateliermaiffret.com\/wp-content\/uploads\/2024\/08\/ATM24001_Quai_Gare_de_Lyon-1800L-2.jpg","type":"image\/jpeg"}],"twitter_card":"summary_large_image","twitter_misc":{"Dur\u00e9e de lecture estim\u00e9e":"1 minute"},"schema":{"@context":"https:\/\/schema.org","@graph":[{"@type":"WebPage","@id":"https:\/\/wptest.ateliermaiffret.com\/?product=quais-de-la-gare-de-lyon-a-paris","url":"https:\/\/wptest.ateliermaiffret.com\/?product=quais-de-la-gare-de-lyon-a-paris","name":"Quais de la gare de Lyon \u00e0 Paris - Atelier Maiffret TEST","isPartOf":{"@id":"https:\/\/wptest.ateliermaiffret.com\/#website"},"primaryImageOfPage":{"@id":"https:\/\/wptest.ateliermaiffret.com\/?product=quais-de-la-gare-de-lyon-a-paris#primaryimage"},"image":{"@id":"https:\/\/wptest.ateliermaiffret.com\/?product=quais-de-la-gare-de-lyon-a-paris#primaryimage"},"thumbnailUrl":"https:\/\/i0.wp.com\/wptest.ateliermaiffret.com\/wp-content\/uploads\/2024\/08\/ATM24001_Quai_Gare_de_Lyon-1800L-2.jpg?fit=1800%2C1292&ssl=1","datePublished":"2024-08-13T16:53:52+00:00","dateModified":"2024-09-16T11:30:31+00:00","description":"Crayon Pitt oil\u00a0sur papier blanc \u00e0 grain fin. F\u00e9vrier 202439 x 29 cm. Dessin\u00e9 dans la gare. Vendu encadr\u00e9, bois clair, passe-partout blanc 53 x 43 cm.","breadcrumb":{"@id":"https:\/\/wptest.ateliermaiffret.com\/?product=quais-de-la-gare-de-lyon-a-paris#breadcrumb"},"inLanguage":"fr-FR","potentialAction":[{"@type":"ReadAction","target":["https:\/\/wptest.ateliermaiffret.com\/?product=quais-de-la-gare-de-lyon-a-paris"]}]},{"@type":"ImageObject","inLanguage":"fr-FR","@id":"https:\/\/wptest.ateliermaiffret.com\/?product=quais-de-la-gare-de-lyon-a-paris#primaryimage","url":"https:\/\/i0.wp.com\/wptest.ateliermaiffret.com\/wp-content\/uploads\/2024\/08\/ATM24001_Quai_Gare_de_Lyon-1800L-2.jpg?fit=1800%2C1292&ssl=1","contentUrl":"https:\/\/i0.wp.com\/wptest.ateliermaiffret.com\/wp-content\/uploads\/2024\/08\/ATM24001_Quai_Gare_de_Lyon-1800L-2.jpg?fit=1800%2C1292&ssl=1","width":1800,"height":1292},{"@type":"BreadcrumbList","@id":"https:\/\/wptest.ateliermaiffret.com\/?product=quais-de-la-gare-de-lyon-a-paris#breadcrumb","itemListElement":[{"@type":"ListItem","position":1,"name":"Accueil","item":"https:\/\/wptest.ateliermaiffret.com\/"},{"@type":"ListItem","position":2,"name":"Produits","item":"https:\/\/wptest.ateliermaiffret.com\/?post_type=product"},{"@type":"ListItem","position":3,"name":"Quais de la gare de Lyon \u00e0 Paris"}]},{"@type":"WebSite","@id":"https:\/\/wptest.ateliermaiffret.com\/#website","url":"https:\/\/wptest.ateliermaiffret.com\/","name":"Atelier Maiffret TEST","description":"Dessins, peintures et objets","potentialAction":[{"@type":"SearchAction","target":{"@type":"EntryPoint","urlTemplate":"https:\/\/wptest.ateliermaiffret.com\/?s={search_term_string}"},"query-input":{"@type":"PropertyValueSpecification","valueRequired":true,"valueName":"search_term_string"}}],"inLanguage":"fr-FR"}]}},"jetpack_sharing_enabled":true,"_links":{"self":[{"href":"https:\/\/wptest.ateliermaiffret.com\/index.php?rest_route=\/wp\/v2\/product\/580","targetHints":{"allow":["GET"]}}],"collection":[{"href":"https:\/\/wptest.ateliermaiffret.com\/index.php?rest_route=\/wp\/v2\/product"}],"about":[{"href":"https:\/\/wptest.ateliermaiffret.com\/index.php?rest_route=\/wp\/v2\/types\/product"}],"replies":[{"embeddable":true,"href":"https:\/\/wptest.ateliermaiffret.com\/index.php?rest_route=%2Fwp%2Fv2%2Fcomments&post=580"}],"wp:featuredmedia":[{"embeddable":true,"href":"https:\/\/wptest.ateliermaiffret.com\/index.php?rest_route=\/wp\/v2\/media\/477"}],"wp:attachment":[{"href":"https:\/\/wptest.ateliermaiffret.com\/index.php?rest_route=%2Fwp%2Fv2%2Fmedia&parent=580"}],"wp:term":[{"taxonomy":"product_cat","embeddable":true,"href":"https:\/\/wptest.ateliermaiffret.com\/index.php?rest_route=%2Fwp%2Fv2%2Fproduct_cat&post=580"},{"taxonomy":"product_tag","embeddable":true,"href":"https:\/\/wptest.ateliermaiffret.com\/index.php?rest_route=%2Fwp%2Fv2%2Fproduct_tag&post=580"}],"curies":[{"name":"wp","href":"https:\/\/api.w.org\/{rel}","templated":true}]}}