{"id":584,"date":"2024-08-13T18:53:53","date_gmt":"2024-08-13T16:53:53","guid":{"rendered":"https:\/\/wptest.ateliermaiffret.com\/?post_type=product&#038;p=584"},"modified":"2024-09-16T12:01:38","modified_gmt":"2024-09-16T10:01:38","slug":"rue-de-la-roche-a-saint-sauveur","status":"publish","type":"product","link":"https:\/\/wptest.ateliermaiffret.com\/?product=rue-de-la-roche-a-saint-sauveur","title":{"rendered":"Rue de la Roche \u00e0 Saint-Sauveur"},"content":{"rendered":"","protected":false},"excerpt":{"rendered":"<p><strong>Crayon Pitt Oil sur papier beige \u00e0 grain fin, gouache. avril 2024<\/strong><br \/>\n<strong>48 x 40 cm<\/strong><\/p>\n<hr \/>\n<p class=\"p1\"><span class=\"s1\">Dessin\u00e9 sur place \u00e0 Saint-Sauveur-en-Puisaye (r\u00e9gion Puisaye-Forterre dans l&rsquo;Yonne)<br \/>\n<\/span><\/p>\n<p class=\"p1\"><span class=\"s1\">Vendu encadr\u00e9, bois clair, passe-partout blanc<br \/>\n53 x 43 cm<\/span><\/p>\n<hr \/>\n<p>&nbsp;<\/p>\n","protected":false},"featured_media":483,"comment_status":"open","ping_status":"closed","template":"","meta":{"_et_pb_use_builder":"","_et_pb_old_content":"","_et_gb_content_width":""},"product_cat":[50,35,63,39,40],"product_tag":[34],"class_list":{"0":"post-584","1":"product","2":"type-product","3":"status-publish","4":"has-post-thumbnail","6":"product_cat-bourgogne","7":"product_cat-dessins","8":"product_cat-en-vente","9":"product_cat-fusain-pierre-noire","10":"product_cat-support-kraft","11":"product_tag-en-vente","13":"first","14":"instock","15":"sold-individually","16":"taxable","17":"shipping-taxable","18":"purchasable","19":"product-type-simple"},"yoast_head":"<!-- This site is optimized with the Yoast SEO plugin v23.4 - https:\/\/yoast.com\/wordpress\/plugins\/seo\/ -->\n<title>Rue de la Roche \u00e0 Saint-Sauveur - Atelier Maiffret TEST<\/title>\n<meta name=\"description\" content=\"Crayon Pitt Oil sur papier beige \u00e0 grain fin, gouache. avril 2024. 48 x 40 cm. Dessin\u00e9 sur place \u00e0 Saint-Sauveur-en-Puisaye.\" \/>\n<meta name=\"robots\" content=\"noindex, follow, max-snippet:-1, max-image-preview:large, max-video-preview:-1\" \/>\n<meta property=\"og:locale\" content=\"fr_FR\" \/>\n<meta property=\"og:type\" content=\"article\" \/>\n<meta property=\"og:title\" content=\"Rue de la Roche \u00e0 Saint-Sauveur - Atelier Maiffret TEST\" \/>\n<meta property=\"og:description\" content=\"Crayon Pitt Oil sur papier beige \u00e0 grain fin, gouache. avril 2024. 48 x 40 cm. Dessin\u00e9 sur place \u00e0 Saint-Sauveur-en-Puisaye.\" \/>\n<meta property=\"og:url\" content=\"https:\/\/wptest.ateliermaiffret.com\/?product=rue-de-la-roche-a-saint-sauveur\" \/>\n<meta property=\"og:site_name\" content=\"Atelier Maiffret TEST\" \/>\n<meta property=\"article:modified_time\" content=\"2024-09-16T10:01:38+00:00\" \/>\n<meta property=\"og:image\" content=\"https:\/\/wptest.ateliermaiffret.com\/wp-content\/uploads\/2024\/08\/ATM24006_Rue_de_la_Roche_St_Sauveur-L1800-2-2.jpg\" \/>\n\t<meta property=\"og:image:width\" content=\"1800\" \/>\n\t<meta property=\"og:image:height\" content=\"1571\" \/>\n\t<meta property=\"og:image:type\" content=\"image\/jpeg\" \/>\n<meta name=\"twitter:card\" content=\"summary_large_image\" \/>\n<meta name=\"twitter:label1\" content=\"Dur\u00e9e de lecture estim\u00e9e\" \/>\n\t<meta name=\"twitter:data1\" content=\"1 minute\" \/>\n<script type=\"application\/ld+json\" class=\"yoast-schema-graph\">{\"@context\":\"https:\/\/schema.org\",\"@graph\":[{\"@type\":\"WebPage\",\"@id\":\"https:\/\/wptest.ateliermaiffret.com\/?product=rue-de-la-roche-a-saint-sauveur\",\"url\":\"https:\/\/wptest.ateliermaiffret.com\/?product=rue-de-la-roche-a-saint-sauveur\",\"name\":\"Rue de la Roche \u00e0 Saint-Sauveur - Atelier Maiffret TEST\",\"isPartOf\":{\"@id\":\"https:\/\/wptest.ateliermaiffret.com\/#website\"},\"primaryImageOfPage\":{\"@id\":\"https:\/\/wptest.ateliermaiffret.com\/?product=rue-de-la-roche-a-saint-sauveur#primaryimage\"},\"image\":{\"@id\":\"https:\/\/wptest.ateliermaiffret.com\/?product=rue-de-la-roche-a-saint-sauveur#primaryimage\"},\"thumbnailUrl\":\"https:\/\/i0.wp.com\/wptest.ateliermaiffret.com\/wp-content\/uploads\/2024\/08\/ATM24006_Rue_de_la_Roche_St_Sauveur-L1800-2-2.jpg?fit=1800%2C1571&ssl=1\",\"datePublished\":\"2024-08-13T16:53:53+00:00\",\"dateModified\":\"2024-09-16T10:01:38+00:00\",\"description\":\"Crayon Pitt Oil sur papier beige \u00e0 grain fin, gouache. avril 2024. 48 x 40 cm. Dessin\u00e9 sur place \u00e0 Saint-Sauveur-en-Puisaye.\",\"breadcrumb\":{\"@id\":\"https:\/\/wptest.ateliermaiffret.com\/?product=rue-de-la-roche-a-saint-sauveur#breadcrumb\"},\"inLanguage\":\"fr-FR\",\"potentialAction\":[{\"@type\":\"ReadAction\",\"target\":[\"https:\/\/wptest.ateliermaiffret.com\/?product=rue-de-la-roche-a-saint-sauveur\"]}]},{\"@type\":\"ImageObject\",\"inLanguage\":\"fr-FR\",\"@id\":\"https:\/\/wptest.ateliermaiffret.com\/?product=rue-de-la-roche-a-saint-sauveur#primaryimage\",\"url\":\"https:\/\/i0.wp.com\/wptest.ateliermaiffret.com\/wp-content\/uploads\/2024\/08\/ATM24006_Rue_de_la_Roche_St_Sauveur-L1800-2-2.jpg?fit=1800%2C1571&ssl=1\",\"contentUrl\":\"https:\/\/i0.wp.com\/wptest.ateliermaiffret.com\/wp-content\/uploads\/2024\/08\/ATM24006_Rue_de_la_Roche_St_Sauveur-L1800-2-2.jpg?fit=1800%2C1571&ssl=1\",\"width\":1800,\"height\":1571},{\"@type\":\"BreadcrumbList\",\"@id\":\"https:\/\/wptest.ateliermaiffret.com\/?product=rue-de-la-roche-a-saint-sauveur#breadcrumb\",\"itemListElement\":[{\"@type\":\"ListItem\",\"position\":1,\"name\":\"Accueil\",\"item\":\"https:\/\/wptest.ateliermaiffret.com\/\"},{\"@type\":\"ListItem\",\"position\":2,\"name\":\"Produits\",\"item\":\"https:\/\/wptest.ateliermaiffret.com\/?post_type=product\"},{\"@type\":\"ListItem\",\"position\":3,\"name\":\"Rue de la Roche \u00e0 Saint-Sauveur\"}]},{\"@type\":\"WebSite\",\"@id\":\"https:\/\/wptest.ateliermaiffret.com\/#website\",\"url\":\"https:\/\/wptest.ateliermaiffret.com\/\",\"name\":\"Atelier Maiffret TEST\",\"description\":\"Dessins, peintures et objets\",\"potentialAction\":[{\"@type\":\"SearchAction\",\"target\":{\"@type\":\"EntryPoint\",\"urlTemplate\":\"https:\/\/wptest.ateliermaiffret.com\/?s={search_term_string}\"},\"query-input\":{\"@type\":\"PropertyValueSpecification\",\"valueRequired\":true,\"valueName\":\"search_term_string\"}}],\"inLanguage\":\"fr-FR\"}]}<\/script>\n<!-- \/ Yoast SEO plugin. -->","yoast_head_json":{"title":"Rue de la Roche \u00e0 Saint-Sauveur - Atelier Maiffret TEST","description":"Crayon Pitt Oil sur papier beige \u00e0 grain fin, gouache. avril 2024. 48 x 40 cm. Dessin\u00e9 sur place \u00e0 Saint-Sauveur-en-Puisaye.","robots":{"index":"noindex","follow":"follow","max-snippet":"max-snippet:-1","max-image-preview":"max-image-preview:large","max-video-preview":"max-video-preview:-1"},"og_locale":"fr_FR","og_type":"article","og_title":"Rue de la Roche \u00e0 Saint-Sauveur - Atelier Maiffret TEST","og_description":"Crayon Pitt Oil sur papier beige \u00e0 grain fin, gouache. avril 2024. 48 x 40 cm. Dessin\u00e9 sur place \u00e0 Saint-Sauveur-en-Puisaye.","og_url":"https:\/\/wptest.ateliermaiffret.com\/?product=rue-de-la-roche-a-saint-sauveur","og_site_name":"Atelier Maiffret TEST","article_modified_time":"2024-09-16T10:01:38+00:00","og_image":[{"width":1800,"height":1571,"url":"https:\/\/wptest.ateliermaiffret.com\/wp-content\/uploads\/2024\/08\/ATM24006_Rue_de_la_Roche_St_Sauveur-L1800-2-2.jpg","type":"image\/jpeg"}],"twitter_card":"summary_large_image","twitter_misc":{"Dur\u00e9e de lecture estim\u00e9e":"1 minute"},"schema":{"@context":"https:\/\/schema.org","@graph":[{"@type":"WebPage","@id":"https:\/\/wptest.ateliermaiffret.com\/?product=rue-de-la-roche-a-saint-sauveur","url":"https:\/\/wptest.ateliermaiffret.com\/?product=rue-de-la-roche-a-saint-sauveur","name":"Rue de la Roche \u00e0 Saint-Sauveur - Atelier Maiffret TEST","isPartOf":{"@id":"https:\/\/wptest.ateliermaiffret.com\/#website"},"primaryImageOfPage":{"@id":"https:\/\/wptest.ateliermaiffret.com\/?product=rue-de-la-roche-a-saint-sauveur#primaryimage"},"image":{"@id":"https:\/\/wptest.ateliermaiffret.com\/?product=rue-de-la-roche-a-saint-sauveur#primaryimage"},"thumbnailUrl":"https:\/\/i0.wp.com\/wptest.ateliermaiffret.com\/wp-content\/uploads\/2024\/08\/ATM24006_Rue_de_la_Roche_St_Sauveur-L1800-2-2.jpg?fit=1800%2C1571&ssl=1","datePublished":"2024-08-13T16:53:53+00:00","dateModified":"2024-09-16T10:01:38+00:00","description":"Crayon Pitt Oil sur papier beige \u00e0 grain fin, gouache. avril 2024. 48 x 40 cm. Dessin\u00e9 sur place \u00e0 Saint-Sauveur-en-Puisaye.","breadcrumb":{"@id":"https:\/\/wptest.ateliermaiffret.com\/?product=rue-de-la-roche-a-saint-sauveur#breadcrumb"},"inLanguage":"fr-FR","potentialAction":[{"@type":"ReadAction","target":["https:\/\/wptest.ateliermaiffret.com\/?product=rue-de-la-roche-a-saint-sauveur"]}]},{"@type":"ImageObject","inLanguage":"fr-FR","@id":"https:\/\/wptest.ateliermaiffret.com\/?product=rue-de-la-roche-a-saint-sauveur#primaryimage","url":"https:\/\/i0.wp.com\/wptest.ateliermaiffret.com\/wp-content\/uploads\/2024\/08\/ATM24006_Rue_de_la_Roche_St_Sauveur-L1800-2-2.jpg?fit=1800%2C1571&ssl=1","contentUrl":"https:\/\/i0.wp.com\/wptest.ateliermaiffret.com\/wp-content\/uploads\/2024\/08\/ATM24006_Rue_de_la_Roche_St_Sauveur-L1800-2-2.jpg?fit=1800%2C1571&ssl=1","width":1800,"height":1571},{"@type":"BreadcrumbList","@id":"https:\/\/wptest.ateliermaiffret.com\/?product=rue-de-la-roche-a-saint-sauveur#breadcrumb","itemListElement":[{"@type":"ListItem","position":1,"name":"Accueil","item":"https:\/\/wptest.ateliermaiffret.com\/"},{"@type":"ListItem","position":2,"name":"Produits","item":"https:\/\/wptest.ateliermaiffret.com\/?post_type=product"},{"@type":"ListItem","position":3,"name":"Rue de la Roche \u00e0 Saint-Sauveur"}]},{"@type":"WebSite","@id":"https:\/\/wptest.ateliermaiffret.com\/#website","url":"https:\/\/wptest.ateliermaiffret.com\/","name":"Atelier Maiffret TEST","description":"Dessins, peintures et objets","potentialAction":[{"@type":"SearchAction","target":{"@type":"EntryPoint","urlTemplate":"https:\/\/wptest.ateliermaiffret.com\/?s={search_term_string}"},"query-input":{"@type":"PropertyValueSpecification","valueRequired":true,"valueName":"search_term_string"}}],"inLanguage":"fr-FR"}]}},"jetpack_sharing_enabled":true,"_links":{"self":[{"href":"https:\/\/wptest.ateliermaiffret.com\/index.php?rest_route=\/wp\/v2\/product\/584","targetHints":{"allow":["GET"]}}],"collection":[{"href":"https:\/\/wptest.ateliermaiffret.com\/index.php?rest_route=\/wp\/v2\/product"}],"about":[{"href":"https:\/\/wptest.ateliermaiffret.com\/index.php?rest_route=\/wp\/v2\/types\/product"}],"replies":[{"embeddable":true,"href":"https:\/\/wptest.ateliermaiffret.com\/index.php?rest_route=%2Fwp%2Fv2%2Fcomments&post=584"}],"wp:featuredmedia":[{"embeddable":true,"href":"https:\/\/wptest.ateliermaiffret.com\/index.php?rest_route=\/wp\/v2\/media\/483"}],"wp:attachment":[{"href":"https:\/\/wptest.ateliermaiffret.com\/index.php?rest_route=%2Fwp%2Fv2%2Fmedia&parent=584"}],"wp:term":[{"taxonomy":"product_cat","embeddable":true,"href":"https:\/\/wptest.ateliermaiffret.com\/index.php?rest_route=%2Fwp%2Fv2%2Fproduct_cat&post=584"},{"taxonomy":"product_tag","embeddable":true,"href":"https:\/\/wptest.ateliermaiffret.com\/index.php?rest_route=%2Fwp%2Fv2%2Fproduct_tag&post=584"}],"curies":[{"name":"wp","href":"https:\/\/api.w.org\/{rel}","templated":true}]}}